{"id":11371,"date":"2023-07-19T00:28:19","date_gmt":"2023-07-19T00:28:19","guid":{"rendered":"http:\/\/zicosprodrecords.com\/?page_id=11371"},"modified":"2024-01-22T02:04:30","modified_gmt":"2024-01-22T00:04:30","slug":"nos-artistes","status":"publish","type":"page","link":"https:\/\/zicosprodrecords.com\/en\/nos-artistes\/","title":{"rendered":"NOS ARTISTES"},"content":{"rendered":"\t\t<div data-elementor-type=\"wp-page\" data-elementor-id=\"11371\" class=\"elementor elementor-11371\" data-elementor-post-type=\"page\">\n\t\t\t\t<div class=\"elementor-element elementor-element-bd07e4f no-ajax e-flex e-con-boxed wpr-particle-no wpr-jarallax-no wpr-parallax-no wpr-equal-height-no e-con e-parent\" data-id=\"bd07e4f\" data-element_type=\"container\" data-e-type=\"container\">\n\t\t\t\t\t<div class=\"e-con-inner\">\n\t\t\t\t<div class=\"elementor-element elementor-element-14d1781 elementor-widget elementor-widget-spacer\" data-id=\"14d1781\" data-element_type=\"widget\" data-e-type=\"widget\" data-widget_type=\"spacer.default\">\n\t\t\t\t<div class=\"elementor-widget-container\">\n\t\t\t\t\t\t\t<div class=\"elementor-spacer\">\n\t\t\t<div class=\"elementor-spacer-inner\"><\/div>\n\t\t<\/div>\n\t\t\t\t\t\t<\/div>\n\t\t\t\t<\/div>\n\t\t\t\t\t<\/div>\n\t\t\t\t<\/div>\n\t\t<div class=\"elementor-element elementor-element-adea475 e-flex e-con-boxed wpr-particle-no wpr-jarallax-no wpr-parallax-no wpr-equal-height-no e-con e-parent\" data-id=\"adea475\" data-element_type=\"container\" data-e-type=\"container\">\n\t\t\t\t\t<div class=\"e-con-inner\">\n\t\t\t\t<div class=\"elementor-element elementor-element-256b63a elementor-widget elementor-widget-parallaxgrid\" data-id=\"256b63a\" data-element_type=\"widget\" data-e-type=\"widget\" data-widget_type=\"parallaxgrid.default\">\n\t\t\t\t<div class=\"elementor-widget-container\">\n\t\t\t\t\t<div class=\"widget iron_widget_grid \"><section id=\"sr_it-grid-69e736d84f6cd\"class=\"sr_it-grid column-3\" data-parallax=\"yes\" data-column=\"3\" data-parallax-speed=\"[2, -2, 1]\"><article id=\"post-16170\" class=\"post-16170 artist type-artist status-publish has-post-thumbnail hentry artist-category-danse-club artist-category-electronic artist-category-my-artists\">\r\n    <a title=\"BOTOXX\" href=\"https:\/\/zicosprodrecords.com\/en\/artist\/botoxx\/\">\r\n    <img decoding=\"async\" src=\"https:\/\/zicosprodrecords.com\/wp-content\/uploads\/2026\/02\/Mission-Impossible-Visuel-Plateformes-3000x3000-JPG-1024x1024.jpg\"><\/img>\r\n\t    <div class=\"sr_it-hoverable\">\r\n\t\t    <header class=\"entry-header\">\r\n\t\t    \t<span class=\"sr_it-meta\">\r\n\t\t    \t\t\t\t    \t<\/span>\r\n\t\t        <h1 class=\"sr_it-item-title\">BOTOXX<\/h1>\r\n\t\t        \t\t    \t<button>listen<\/button>\r\n\t\t    <\/header>\r\n\t    <\/div>\r\n    <\/a>\r\n<\/article><article id=\"post-8118\" class=\"post-8118 artist type-artist status-publish has-post-thumbnail hentry artist-category-danse-club artist-category-line-dance-country\">\r\n    <a title=\"DJ ROBBIE Feat Fabby.T\" href=\"https:\/\/zicosprodrecords.com\/en\/artist\/dj-robbie-feat-fabrice-thierry\/\">\r\n    <img decoding=\"async\" src=\"https:\/\/zicosprodrecords.com\/wp-content\/uploads\/2022\/11\/pochette-a-plat-1000x1000-sRGB.jpg\"><\/img>\r\n\t    <div class=\"sr_it-hoverable\">\r\n\t\t    <header class=\"entry-header\">\r\n\t\t    \t<span class=\"sr_it-meta\">\r\n\t\t    \t\t\t\t    \t<\/span>\r\n\t\t        <h1 class=\"sr_it-item-title\">DJ ROBBIE Feat Fabby.T<\/h1>\r\n\t\t        \t\t    \t<button>listen<\/button>\r\n\t\t    <\/header>\r\n\t    <\/div>\r\n    <\/a>\r\n<\/article><article id=\"post-6335\" class=\"post-6335 artist type-artist status-publish has-post-thumbnail hentry artist-category-francaise artist-category-internationale artist-category-variete\">\r\n    <a title=\"Fabrice THIERRY &#038; Bruno HAREL\" href=\"https:\/\/zicosprodrecords.com\/en\/artist\/fabrice-bruno\/\">\r\n    <img decoding=\"async\" src=\"https:\/\/zicosprodrecords.com\/wp-content\/uploads\/2022\/07\/Pochette-2019-recto-1024x925.jpg\"><\/img>\r\n\t    <div class=\"sr_it-hoverable\">\r\n\t\t    <header class=\"entry-header\">\r\n\t\t    \t<span class=\"sr_it-meta\">\r\n\t\t    \t\t\t\t    \t<\/span>\r\n\t\t        <h1 class=\"sr_it-item-title\">Fabrice THIERRY &#038; Bruno HAREL<\/h1>\r\n\t\t        \t\t    \t<button>listen<\/button>\r\n\t\t    <\/header>\r\n\t    <\/div>\r\n    <\/a>\r\n<\/article><article id=\"post-14124\" class=\"post-14124 artist type-artist status-publish has-post-thumbnail hentry artist-category-internationale artist-category-pop\">\r\n    <a title=\"WILLIWAW\" href=\"https:\/\/zicosprodrecords.com\/en\/artist\/williwaw\/\">\r\n    <img decoding=\"async\" src=\"https:\/\/zicosprodrecords.com\/wp-content\/uploads\/2024\/04\/2H9A6054-logo-scaled-e1712346701493-1024x1024.webp\"><\/img>\r\n\t    <div class=\"sr_it-hoverable\">\r\n\t\t    <header class=\"entry-header\">\r\n\t\t    \t<span class=\"sr_it-meta\">\r\n\t\t    \t\t\t\t    \t<\/span>\r\n\t\t        <h1 class=\"sr_it-item-title\">WILLIWAW<\/h1>\r\n\t\t        \t\t    \t<button>listen<\/button>\r\n\t\t    <\/header>\r\n\t    <\/div>\r\n    <\/a>\r\n<\/article><\/section><\/div>\t\t\t\t<\/div>\n\t\t\t\t<\/div>\n\t\t\t\t<div class=\"elementor-element elementor-element-5967d60 elementor-widget elementor-widget-spacer\" data-id=\"5967d60\" data-element_type=\"widget\" data-e-type=\"widget\" data-widget_type=\"spacer.default\">\n\t\t\t\t<div class=\"elementor-widget-container\">\n\t\t\t\t\t\t\t<div class=\"elementor-spacer\">\n\t\t\t<div class=\"elementor-spacer-inner\"><\/div>\n\t\t<\/div>\n\t\t\t\t\t\t<\/div>\n\t\t\t\t<\/div>\n\t\t\t\t\t<\/div>\n\t\t\t\t<\/div>\n\t\t<div class=\"elementor-element elementor-element-a9e8a99 e-con-full e-flex wpr-particle-no wpr-jarallax-no wpr-parallax-no wpr-equal-height-no e-con e-parent\" data-id=\"a9e8a99\" data-element_type=\"container\" data-e-type=\"container\" data-settings=\"{&quot;background_background&quot;:&quot;gradient&quot;,&quot;shape_divider_top&quot;:&quot;mountains&quot;}\">\n\t\t\t\t<div class=\"elementor-shape elementor-shape-top\" aria-hidden=\"true\" data-negative=\"false\">\n\t\t\t<svg xmlns=\"http:\/\/www.w3.org\/2000\/svg\" viewBox=\"0 0 1000 100\" preserveAspectRatio=\"none\">\n\t<path class=\"elementor-shape-fill\" opacity=\"0.33\" d=\"M473,67.3c-203.9,88.3-263.1-34-320.3,0C66,119.1,0,59.7,0,59.7V0h1000v59.7 c0,0-62.1,26.1-94.9,29.3c-32.8,3.3-62.8-12.3-75.8-22.1C806,49.6,745.3,8.7,694.9,4.7S492.4,59,473,67.3z\"\/>\n\t<path class=\"elementor-shape-fill\" opacity=\"0.66\" d=\"M734,67.3c-45.5,0-77.2-23.2-129.1-39.1c-28.6-8.7-150.3-10.1-254,39.1 s-91.7-34.4-149.2,0C115.7,118.3,0,39.8,0,39.8V0h1000v36.5c0,0-28.2-18.5-92.1-18.5C810.2,18.1,775.7,67.3,734,67.3z\"\/>\n\t<path class=\"elementor-shape-fill\" d=\"M766.1,28.9c-200-57.5-266,65.5-395.1,19.5C242,1.8,242,5.4,184.8,20.6C128,35.8,132.3,44.9,89.9,52.5C28.6,63.7,0,0,0,0 h1000c0,0-9.9,40.9-83.6,48.1S829.6,47,766.1,28.9z\"\/>\n<\/svg>\t\t<\/div>\n\t\t\t\t<div class=\"elementor-element elementor-element-d595d55 elementor-widget elementor-widget-spacer\" data-id=\"d595d55\" data-element_type=\"widget\" data-e-type=\"widget\" data-widget_type=\"spacer.default\">\n\t\t\t\t<div class=\"elementor-widget-container\">\n\t\t\t\t\t\t\t<div class=\"elementor-spacer\">\n\t\t\t<div class=\"elementor-spacer-inner\"><\/div>\n\t\t<\/div>\n\t\t\t\t\t\t<\/div>\n\t\t\t\t<\/div>\n\t\t\t\t<div class=\"elementor-element elementor-element-8629437 elementor-widget elementor-widget-heading\" data-id=\"8629437\" data-element_type=\"widget\" data-e-type=\"widget\" data-widget_type=\"heading.default\">\n\t\t\t\t<div class=\"elementor-widget-container\">\n\t\t\t\t\t<p class=\"elementor-heading-title elementor-size-default\"><b style=\"font-weight: bold\">Les artistes que nous produisons sont tous ind\u00e9pendants.<br>Comme le dit notre slogan<br> \" La musique est notre philosophie \" &amp; \" we believe in music \" !<br><\/b>Tous comme nos artistes, nous sommes une production ind\u00e9pendante,<br>nous ne pouvons donc pas produire tous les artistes<br> qui viennent enregistrer chez nous, nous produisons donc au<br> <b>\" coup de c\u0153ur et au ressenti des talents \" <\/b><br>ce qui n'est malheureusement plus vraiment le cas des grosses productions qui vendent du r\u00eave<br> aux jeunes artistes en les utilisant avant de les l\u00e2cher sans m\u00e9nagement !<br><\/p>\t\t\t\t<\/div>\n\t\t\t\t<\/div>\n\t\t\t\t<div class=\"elementor-element elementor-element-0f30262 elementor-widget__width-initial elementor-widget-mobile__width-initial elementor-widget elementor-widget-text-editor\" data-id=\"0f30262\" data-element_type=\"widget\" data-e-type=\"widget\" data-widget_type=\"text-editor.default\">\n\t\t\t\t<div class=\"elementor-widget-container\">\n\t\t\t\t\t\t\t\t\t<p>Je ne vends pas de r\u00eave, mais je peux assurer que t<span style=\"-webkit-text-stroke-color: #000000; white-space-collapse: preserve;\">out artiste venant enregistrer chez <b>Zicos Prod Records<\/b> sera re\u00e7u comme il se doit et b\u00e9n\u00e9ficiera d&rsquo;un r\u00e9sultat de grande qualit\u00e9 que nous le produisions ou non.<\/span><\/p><p style=\"text-align: left;\"><span style=\"-webkit-text-stroke-color: #000000; white-space-collapse: preserve;\">Bruno HAREL<\/span><\/p>\t\t\t\t\t\t\t\t<\/div>\n\t\t\t\t<\/div>\n\t\t\t\t<div class=\"elementor-element elementor-element-c52cfa3 elementor-widget__width-initial elementor-widget-mobile__width-initial elementor-widget elementor-widget-image\" data-id=\"c52cfa3\" data-element_type=\"widget\" data-e-type=\"widget\" data-widget_type=\"image.default\">\n\t\t\t\t<div class=\"elementor-widget-container\">\n\t\t\t\t\t\t\t\t\t\t\t\t\t\t\t<img fetchpriority=\"high\" decoding=\"async\" width=\"382\" height=\"210\" src=\"https:\/\/zicosprodrecords.com\/wp-content\/uploads\/2023\/08\/signature.png\" class=\"attachment-large size-large wp-image-12469\" alt=\"\" \/>\t\t\t\t\t\t\t\t\t\t\t\t\t\t\t<\/div>\n\t\t\t\t<\/div>\n\t\t\t\t<\/div>\n\t\t\t\t<\/div>\n\t\t","protected":false},"excerpt":{"rendered":"<p>Les artistes que nous produisons sont tous ind\u00e9pendants.Comme le dit notre slogan \u00a0\u00bb La musique est notre philosophie \u00a0\u00bb &amp;<\/p>","protected":false},"author":1,"featured_media":0,"parent":0,"menu_order":0,"comment_status":"closed","ping_status":"closed","template":"elementor_theme","meta":{"_price":"","_stock":"","_tribe_ticket_header":"","_tribe_default_ticket_provider":"","_tribe_ticket_capacity":"0","_ticket_start_date":"","_ticket_end_date":"","_tribe_ticket_show_description":"","_tribe_ticket_show_not_going":false,"_tribe_ticket_use_global_stock":"","_tribe_ticket_global_stock_level":"","_global_stock_mode":"","_global_stock_cap":"","_tribe_rsvp_for_event":"","_tribe_ticket_going_count":"","_tribe_ticket_not_going_count":"","_tribe_tickets_list":"[]","_tribe_ticket_has_attendee_info_fields":false,"footnotes":"","_tec_slr_enabled":"","_tec_slr_layout":""},"class_list":["post-11371","page","type-page","status-publish","hentry","artist-category-internationale","artist-category-pop"],"yoast_head":"<!-- This site is optimized with the Yoast SEO plugin v27.4 - https:\/\/yoast.com\/product\/yoast-seo-wordpress\/ -->\n<title>NOS ARTISTES - Zicos Prod Records<\/title>\n<meta name=\"robots\" content=\"index, follow, max-snippet:-1, max-image-preview:large, max-video-preview:-1\" \/>\n<link rel=\"canonical\" href=\"https:\/\/zicosprodrecords.com\/en\/nos-artistes\/\" \/>\n<meta property=\"og:locale\" content=\"en_US\" \/>\n<meta property=\"og:type\" content=\"article\" \/>\n<meta property=\"og:title\" content=\"NOS ARTISTES - Zicos Prod Records\" \/>\n<meta property=\"og:description\" content=\"Les artistes que nous produisons sont tous ind\u00e9pendants.Comme le dit notre slogan \u00a0\u00bb La musique est notre philosophie \u00a0\u00bb &amp;\" \/>\n<meta property=\"og:url\" content=\"https:\/\/zicosprodrecords.com\/en\/nos-artistes\/\" \/>\n<meta property=\"og:site_name\" content=\"Zicos Prod Records\" \/>\n<meta property=\"article:modified_time\" content=\"2024-01-22T00:04:30+00:00\" \/>\n<meta property=\"og:image\" content=\"https:\/\/zicosprodrecords.com\/wp-content\/uploads\/2023\/08\/signature.png\" \/>\n<meta name=\"twitter:card\" content=\"summary_large_image\" \/>\n<meta name=\"twitter:label1\" content=\"Est. reading time\" \/>\n\t<meta name=\"twitter:data1\" content=\"2 minutes\" \/>\n<script type=\"application\/ld+json\" class=\"yoast-schema-graph\">{\"@context\":\"https:\\\/\\\/schema.org\",\"@graph\":[{\"@type\":\"WebPage\",\"@id\":\"https:\\\/\\\/zicosprodrecords.com\\\/nos-artistes\\\/\",\"url\":\"https:\\\/\\\/zicosprodrecords.com\\\/nos-artistes\\\/\",\"name\":\"NOS ARTISTES - Zicos Prod Records\",\"isPartOf\":{\"@id\":\"https:\\\/\\\/zicosprodrecords.com\\\/#website\"},\"primaryImageOfPage\":{\"@id\":\"https:\\\/\\\/zicosprodrecords.com\\\/nos-artistes\\\/#primaryimage\"},\"image\":{\"@id\":\"https:\\\/\\\/zicosprodrecords.com\\\/nos-artistes\\\/#primaryimage\"},\"thumbnailUrl\":\"https:\\\/\\\/zicosprodrecords.com\\\/wp-content\\\/uploads\\\/2023\\\/08\\\/signature.png\",\"datePublished\":\"2023-07-19T00:28:19+00:00\",\"dateModified\":\"2024-01-22T00:04:30+00:00\",\"breadcrumb\":{\"@id\":\"https:\\\/\\\/zicosprodrecords.com\\\/nos-artistes\\\/#breadcrumb\"},\"inLanguage\":\"en-US\",\"potentialAction\":[{\"@type\":\"ReadAction\",\"target\":[\"https:\\\/\\\/zicosprodrecords.com\\\/nos-artistes\\\/\"]}]},{\"@type\":\"ImageObject\",\"inLanguage\":\"en-US\",\"@id\":\"https:\\\/\\\/zicosprodrecords.com\\\/nos-artistes\\\/#primaryimage\",\"url\":\"https:\\\/\\\/zicosprodrecords.com\\\/wp-content\\\/uploads\\\/2023\\\/08\\\/signature.png\",\"contentUrl\":\"https:\\\/\\\/zicosprodrecords.com\\\/wp-content\\\/uploads\\\/2023\\\/08\\\/signature.png\"},{\"@type\":\"BreadcrumbList\",\"@id\":\"https:\\\/\\\/zicosprodrecords.com\\\/nos-artistes\\\/#breadcrumb\",\"itemListElement\":[{\"@type\":\"ListItem\",\"position\":1,\"name\":\"Accueil\",\"item\":\"https:\\\/\\\/zicosprodrecords.com\\\/\"},{\"@type\":\"ListItem\",\"position\":2,\"name\":\"NOS ARTISTES\"}]},{\"@type\":\"WebSite\",\"@id\":\"https:\\\/\\\/zicosprodrecords.com\\\/#website\",\"url\":\"https:\\\/\\\/zicosprodrecords.com\\\/\",\"name\":\"Zicos Prod Records\",\"description\":\"La musique est notre philosophie\",\"publisher\":{\"@id\":\"https:\\\/\\\/zicosprodrecords.com\\\/#organization\"},\"potentialAction\":[{\"@type\":\"SearchAction\",\"target\":{\"@type\":\"EntryPoint\",\"urlTemplate\":\"https:\\\/\\\/zicosprodrecords.com\\\/?s={search_term_string}\"},\"query-input\":{\"@type\":\"PropertyValueSpecification\",\"valueRequired\":true,\"valueName\":\"search_term_string\"}}],\"inLanguage\":\"en-US\"},{\"@type\":\"Organization\",\"@id\":\"https:\\\/\\\/zicosprodrecords.com\\\/#organization\",\"name\":\"Zicos Prod Records\",\"url\":\"https:\\\/\\\/zicosprodrecords.com\\\/\",\"logo\":{\"@type\":\"ImageObject\",\"inLanguage\":\"en-US\",\"@id\":\"https:\\\/\\\/zicosprodrecords.com\\\/#\\\/schema\\\/logo\\\/image\\\/\",\"url\":\"https:\\\/\\\/zicosprodrecords.com\\\/wp-content\\\/uploads\\\/2026\\\/02\\\/logo_basic-2.png\",\"contentUrl\":\"https:\\\/\\\/zicosprodrecords.com\\\/wp-content\\\/uploads\\\/2026\\\/02\\\/logo_basic-2.png\",\"width\":3125,\"height\":1875,\"caption\":\"Zicos Prod Records\"},\"image\":{\"@id\":\"https:\\\/\\\/zicosprodrecords.com\\\/#\\\/schema\\\/logo\\\/image\\\/\"}}]}<\/script>\n<!-- \/ Yoast SEO plugin. -->","yoast_head_json":{"title":"NOS ARTISTES - Zicos Prod Records","robots":{"index":"index","follow":"follow","max-snippet":"max-snippet:-1","max-image-preview":"max-image-preview:large","max-video-preview":"max-video-preview:-1"},"canonical":"https:\/\/zicosprodrecords.com\/en\/nos-artistes\/","og_locale":"en_US","og_type":"article","og_title":"NOS ARTISTES - Zicos Prod Records","og_description":"Les artistes que nous produisons sont tous ind\u00e9pendants.Comme le dit notre slogan \u00a0\u00bb La musique est notre philosophie \u00a0\u00bb &amp;","og_url":"https:\/\/zicosprodrecords.com\/en\/nos-artistes\/","og_site_name":"Zicos Prod Records","article_modified_time":"2024-01-22T00:04:30+00:00","og_image":[{"url":"https:\/\/zicosprodrecords.com\/wp-content\/uploads\/2023\/08\/signature.png","type":"","width":"","height":""}],"twitter_card":"summary_large_image","twitter_misc":{"Est. reading time":"2 minutes"},"schema":{"@context":"https:\/\/schema.org","@graph":[{"@type":"WebPage","@id":"https:\/\/zicosprodrecords.com\/nos-artistes\/","url":"https:\/\/zicosprodrecords.com\/nos-artistes\/","name":"NOS ARTISTES - Zicos Prod Records","isPartOf":{"@id":"https:\/\/zicosprodrecords.com\/#website"},"primaryImageOfPage":{"@id":"https:\/\/zicosprodrecords.com\/nos-artistes\/#primaryimage"},"image":{"@id":"https:\/\/zicosprodrecords.com\/nos-artistes\/#primaryimage"},"thumbnailUrl":"https:\/\/zicosprodrecords.com\/wp-content\/uploads\/2023\/08\/signature.png","datePublished":"2023-07-19T00:28:19+00:00","dateModified":"2024-01-22T00:04:30+00:00","breadcrumb":{"@id":"https:\/\/zicosprodrecords.com\/nos-artistes\/#breadcrumb"},"inLanguage":"en-US","potentialAction":[{"@type":"ReadAction","target":["https:\/\/zicosprodrecords.com\/nos-artistes\/"]}]},{"@type":"ImageObject","inLanguage":"en-US","@id":"https:\/\/zicosprodrecords.com\/nos-artistes\/#primaryimage","url":"https:\/\/zicosprodrecords.com\/wp-content\/uploads\/2023\/08\/signature.png","contentUrl":"https:\/\/zicosprodrecords.com\/wp-content\/uploads\/2023\/08\/signature.png"},{"@type":"BreadcrumbList","@id":"https:\/\/zicosprodrecords.com\/nos-artistes\/#breadcrumb","itemListElement":[{"@type":"ListItem","position":1,"name":"Accueil","item":"https:\/\/zicosprodrecords.com\/"},{"@type":"ListItem","position":2,"name":"NOS ARTISTES"}]},{"@type":"WebSite","@id":"https:\/\/zicosprodrecords.com\/#website","url":"https:\/\/zicosprodrecords.com\/","name":"Zicos Prod Records","description":"La musique est notre philosophie","publisher":{"@id":"https:\/\/zicosprodrecords.com\/#organization"},"potentialAction":[{"@type":"SearchAction","target":{"@type":"EntryPoint","urlTemplate":"https:\/\/zicosprodrecords.com\/?s={search_term_string}"},"query-input":{"@type":"PropertyValueSpecification","valueRequired":true,"valueName":"search_term_string"}}],"inLanguage":"en-US"},{"@type":"Organization","@id":"https:\/\/zicosprodrecords.com\/#organization","name":"Zicos Prod Records","url":"https:\/\/zicosprodrecords.com\/","logo":{"@type":"ImageObject","inLanguage":"en-US","@id":"https:\/\/zicosprodrecords.com\/#\/schema\/logo\/image\/","url":"https:\/\/zicosprodrecords.com\/wp-content\/uploads\/2026\/02\/logo_basic-2.png","contentUrl":"https:\/\/zicosprodrecords.com\/wp-content\/uploads\/2026\/02\/logo_basic-2.png","width":3125,"height":1875,"caption":"Zicos Prod Records"},"image":{"@id":"https:\/\/zicosprodrecords.com\/#\/schema\/logo\/image\/"}}]}},"_hostinger_reach_plugin_has_subscription_block":false,"_hostinger_reach_plugin_is_elementor":false,"acf":[],"ticketed":false,"_links":{"self":[{"href":"https:\/\/zicosprodrecords.com\/en\/wp-json\/wp\/v2\/pages\/11371","targetHints":{"allow":["GET"]}}],"collection":[{"href":"https:\/\/zicosprodrecords.com\/en\/wp-json\/wp\/v2\/pages"}],"about":[{"href":"https:\/\/zicosprodrecords.com\/en\/wp-json\/wp\/v2\/types\/page"}],"author":[{"embeddable":true,"href":"https:\/\/zicosprodrecords.com\/en\/wp-json\/wp\/v2\/users\/1"}],"replies":[{"embeddable":true,"href":"https:\/\/zicosprodrecords.com\/en\/wp-json\/wp\/v2\/comments?post=11371"}],"version-history":[{"count":0,"href":"https:\/\/zicosprodrecords.com\/en\/wp-json\/wp\/v2\/pages\/11371\/revisions"}],"wp:attachment":[{"href":"https:\/\/zicosprodrecords.com\/en\/wp-json\/wp\/v2\/media?parent=11371"}],"curies":[{"name":"wp","href":"https:\/\/api.w.org\/{rel}","templated":true}]}}