{"id":11754,"date":"2023-07-26T19:25:30","date_gmt":"2023-07-26T19:25:30","guid":{"rendered":"http:\/\/zicosprodrecords.com\/?page_id=11754"},"modified":"2025-06-24T00:47:28","modified_gmt":"2025-06-23T22:47:28","slug":"la-team","status":"publish","type":"page","link":"https:\/\/zicosprodrecords.com\/en\/la-team\/","title":{"rendered":"LA TEAM"},"content":{"rendered":"<div data-elementor-type=\"wp-page\" data-elementor-id=\"11754\" class=\"elementor elementor-11754\" data-elementor-post-type=\"page\">\n\t\t\t\t<div class=\"elementor-element elementor-element-a4dddbf e-flex e-con-boxed wpr-particle-no wpr-jarallax-no wpr-parallax-no wpr-equal-height-no e-con e-parent\" data-id=\"a4dddbf\" data-element_type=\"container\" data-e-type=\"container\" data-settings=\"{&quot;background_background&quot;:&quot;classic&quot;}\">\n\t\t\t\t\t<div class=\"e-con-inner\">\n\t\t<div class=\"elementor-element elementor-element-8eb3438 e-con-full e-flex wpr-particle-no wpr-jarallax-no wpr-parallax-no wpr-equal-height-no e-con e-child\" data-id=\"8eb3438\" data-element_type=\"container\" data-e-type=\"container\">\n\t\t<div class=\"elementor-element elementor-element-d4ed49f e-con-full e-flex wpr-particle-no wpr-jarallax-no wpr-parallax-no wpr-equal-height-no e-con e-child\" data-id=\"d4ed49f\" data-element_type=\"container\" data-e-type=\"container\">\n\t\t\t\t<div class=\"elementor-element elementor-element-f3888b5 elementor-widget elementor-widget-heading\" data-id=\"f3888b5\" data-element_type=\"widget\" data-e-type=\"widget\" data-widget_type=\"heading.default\">\n\t\t\t\t<div class=\"elementor-widget-container\">\n\t\t\t\t\t<h3 class=\"elementor-heading-title elementor-size-default\">Bruno HAREL<\/h3>\t\t\t\t<\/div>\n\t\t\t\t<\/div>\n\t\t\t\t<div class=\"elementor-element elementor-element-575114e elementor-position-top elementor-widget elementor-widget-image-box\" data-id=\"575114e\" data-element_type=\"widget\" data-e-type=\"widget\" data-widget_type=\"image-box.default\">\n\t\t\t\t<div class=\"elementor-widget-container\">\n\t\t\t\t\t<div class=\"elementor-image-box-wrapper\"><figure class=\"elementor-image-box-img\"><img fetchpriority=\"high\" decoding=\"async\" width=\"960\" height=\"640\" src=\"https:\/\/zicosprodrecords.com\/wp-content\/uploads\/2022\/07\/IMG_0266.jpg\" class=\"attachment-full size-full wp-image-11440\" alt=\"\" srcset=\"https:\/\/zicosprodrecords.com\/wp-content\/uploads\/2022\/07\/IMG_0266.jpg 960w, https:\/\/zicosprodrecords.com\/wp-content\/uploads\/2022\/07\/IMG_0266-559x373.jpg 559w, https:\/\/zicosprodrecords.com\/wp-content\/uploads\/2022\/07\/IMG_0266-768x512.jpg 768w\" sizes=\"(max-width: 960px) 100vw, 960px\" \/><\/figure><div class=\"elementor-image-box-content\"><h3 class=\"elementor-image-box-title translation-block\">Musician - Sound engineer<\/h3><p class=\"elementor-image-box-description translation-block\">Pianist, arranger, keyboardist, composer, piano teacher, solfeggio, and MAO,  Bruno is the founder of <b>Zicos Prod Records<\/b> and <b>Musicats Label<\/b>. <br>Sound engineer he will sublimate your voice and your recordings , he also realizes the mixes and the Masterings.<\/p><\/div><\/div>\t\t\t\t<\/div>\n\t\t\t\t<\/div>\n\t\t\t\t<\/div>\n\t\t<div class=\"elementor-element elementor-element-ac41b41 e-con-full e-flex wpr-particle-no wpr-jarallax-no wpr-parallax-no wpr-equal-height-no e-con e-child\" data-id=\"ac41b41\" data-element_type=\"container\" data-e-type=\"container\">\n\t\t\t\t<div class=\"elementor-element elementor-element-58e5034 elementor-widget elementor-widget-heading\" data-id=\"58e5034\" data-element_type=\"widget\" data-e-type=\"widget\" data-widget_type=\"heading.default\">\n\t\t\t\t<div class=\"elementor-widget-container\">\n\t\t\t\t\t<h3 class=\"elementor-heading-title elementor-size-default\">Renaud VALLON<\/h3>\t\t\t\t<\/div>\n\t\t\t\t<\/div>\n\t\t\t\t<div class=\"elementor-element elementor-element-23141c5 elementor-position-top elementor-widget elementor-widget-image-box\" data-id=\"23141c5\" data-element_type=\"widget\" data-e-type=\"widget\" data-widget_type=\"image-box.default\">\n\t\t\t\t<div class=\"elementor-widget-container\">\n\t\t\t\t\t<div class=\"elementor-image-box-wrapper\"><figure class=\"elementor-image-box-img\"><img decoding=\"async\" width=\"562\" height=\"547\" src=\"https:\/\/zicosprodrecords.com\/wp-content\/uploads\/2023\/07\/Renaud.jpg\" class=\"attachment-full size-full wp-image-11760\" alt=\"\" srcset=\"https:\/\/zicosprodrecords.com\/wp-content\/uploads\/2023\/07\/Renaud.jpg 562w, https:\/\/zicosprodrecords.com\/wp-content\/uploads\/2023\/07\/Renaud-559x544.jpg 559w\" sizes=\"(max-width: 562px) 100vw, 562px\" \/><\/figure><div class=\"elementor-image-box-content\"><h3 class=\"elementor-image-box-title\">Coach vocal<br>Songwriter<\/h3><p class=\"elementor-image-box-description\">Author\/ composer, drum teacher, singer, keyboardist and founder of the group FEARLESS , Renaud will help you to place your voice in French as in English and can advise you throughout your recordings.ment mixes and Masterings.<\/p><\/div><\/div>\t\t\t\t<\/div>\n\t\t\t\t<\/div>\n\t\t\t\t<\/div>\n\t\t<div class=\"elementor-element elementor-element-fc22927 e-con-full e-flex wpr-particle-no wpr-jarallax-no wpr-parallax-no wpr-equal-height-no e-con e-child\" data-id=\"fc22927\" data-element_type=\"container\" data-e-type=\"container\">\n\t\t\t\t<div class=\"elementor-element elementor-element-842b04b elementor-widget elementor-widget-heading\" data-id=\"842b04b\" data-element_type=\"widget\" data-e-type=\"widget\" data-widget_type=\"heading.default\">\n\t\t\t\t<div class=\"elementor-widget-container\">\n\t\t\t\t\t<h3 class=\"elementor-heading-title elementor-size-default\">FABRICE THIERRY<\/h3>\t\t\t\t<\/div>\n\t\t\t\t<\/div>\n\t\t\t\t<div class=\"elementor-element elementor-element-bfb4b18 elementor-position-top elementor-widget elementor-widget-image-box\" data-id=\"bfb4b18\" data-element_type=\"widget\" data-e-type=\"widget\" data-widget_type=\"image-box.default\">\n\t\t\t\t<div class=\"elementor-widget-container\">\n\t\t\t\t\t<div class=\"elementor-image-box-wrapper\"><figure class=\"elementor-image-box-img\"><img decoding=\"async\" width=\"1708\" height=\"1798\" src=\"https:\/\/zicosprodrecords.com\/wp-content\/uploads\/2022\/07\/20190718215302-scaled-e1690403464448.jpg\" class=\"attachment-full size-full wp-image-11428\" alt=\"\" srcset=\"https:\/\/zicosprodrecords.com\/wp-content\/uploads\/2022\/07\/20190718215302-scaled-e1690403464448.jpg 1708w, https:\/\/zicosprodrecords.com\/wp-content\/uploads\/2022\/07\/20190718215302-scaled-e1690403464448-531x559.jpg 531w, https:\/\/zicosprodrecords.com\/wp-content\/uploads\/2022\/07\/20190718215302-scaled-e1690403464448-973x1024.jpg 973w, https:\/\/zicosprodrecords.com\/wp-content\/uploads\/2022\/07\/20190718215302-scaled-e1690403464448-768x808.jpg 768w, https:\/\/zicosprodrecords.com\/wp-content\/uploads\/2022\/07\/20190718215302-scaled-e1690403464448-1459x1536.jpg 1459w\" sizes=\"(max-width: 1708px) 100vw, 1708px\" \/><\/figure><div class=\"elementor-image-box-content\"><h3 class=\"elementor-image-box-title\">vocal coach<\/h3><p class=\"elementor-image-box-description\">Fabrice is a singer, imitator with a long experience of singing on stage as in studio. he can help you to place your voice . He can also help you to familiarize yourself with the techniques of singing in studio as well as pronunciation in French and American.\nFabrice intervenes mainly for the \"Packs Enregistrements\"  <\/p><\/div><\/div>\t\t\t\t<\/div>\n\t\t\t\t<\/div>\n\t\t\t\t<\/div>\n\t\t\t\t<\/div>\n\t\t\t\t\t<\/div>\n\t\t\t\t<\/div>\n\t\t<div class=\"elementor-element elementor-element-67d15453 e-con-full e-flex wpr-particle-no wpr-jarallax-no wpr-parallax-no wpr-equal-height-no e-con e-parent\" data-id=\"67d15453\" data-element_type=\"container\" data-e-type=\"container\" data-settings=\"{&quot;background_background&quot;:&quot;classic&quot;}\">\n\t\t\t\t<div class=\"elementor-element elementor-element-2fa92e6a animated-slow elementor-invisible elementor-widget elementor-widget-heading\" data-id=\"2fa92e6a\" data-element_type=\"widget\" data-e-type=\"widget\" data-settings=\"{&quot;_animation&quot;:&quot;slideInUp&quot;}\" data-widget_type=\"heading.default\">\n\t\t\t\t<div class=\"elementor-widget-container\">\n\t\t\t\t\t<h1 class=\"elementor-heading-title elementor-size-medium\">To know the roots of Zicos Prod Records<\/h1>\t\t\t\t<\/div>\n\t\t\t\t<\/div>\n\t\t\t\t<div class=\"elementor-element elementor-element-f2dd159 elementor-widget elementor-widget-menu-anchor\" data-id=\"f2dd159\" data-element_type=\"widget\" data-e-type=\"widget\" data-widget_type=\"menu-anchor.default\">\n\t\t\t\t<div class=\"elementor-widget-container\">\n\t\t\t\t\t\t\t<div class=\"elementor-menu-anchor\" id=\"biobruno\"><\/div>\n\t\t\t\t\t\t<\/div>\n\t\t\t\t<\/div>\n\t\t\t\t<div class=\"elementor-element elementor-element-1ac2deb animated-slow elementor-invisible elementor-widget elementor-widget-heading\" data-id=\"1ac2deb\" data-element_type=\"widget\" data-e-type=\"widget\" data-settings=\"{&quot;_animation&quot;:&quot;slideInUp&quot;}\" data-widget_type=\"heading.default\">\n\t\t\t\t<div class=\"elementor-widget-container\">\n\t\t\t\t\t<h1 class=\"elementor-heading-title elementor-size-medium\">Revenons sur le parcours de musicien professionnel de son fondateur<\/h1>\t\t\t\t<\/div>\n\t\t\t\t<\/div>\n\t\t\t\t<div class=\"elementor-element elementor-element-a569e0d elementor-widget elementor-widget-heading\" data-id=\"a569e0d\" data-element_type=\"widget\" data-e-type=\"widget\" data-widget_type=\"heading.default\">\n\t\t\t\t<div class=\"elementor-widget-container\">\n\t\t\t\t\t<h2 class=\"elementor-heading-title elementor-size-default\">Bruno Harel<\/h2>\t\t\t\t<\/div>\n\t\t\t\t<\/div>\n\t\t\t\t<div class=\"elementor-element elementor-element-aa0e2d1 elementor-widget elementor-widget-spacer\" data-id=\"aa0e2d1\" data-element_type=\"widget\" data-e-type=\"widget\" data-widget_type=\"spacer.default\">\n\t\t\t\t<div class=\"elementor-widget-container\">\n\t\t\t\t\t\t\t<div class=\"elementor-spacer\">\n\t\t\t<div class=\"elementor-spacer-inner\"><\/div>\n\t\t<\/div>\n\t\t\t\t\t\t<\/div>\n\t\t\t\t<\/div>\n\t\t\t\t<div class=\"elementor-element elementor-element-293f766 elementor-widget elementor-widget-image\" data-id=\"293f766\" data-element_type=\"widget\" data-e-type=\"widget\" data-widget_type=\"image.default\">\n\t\t\t\t<div class=\"elementor-widget-container\">\n\t\t\t\t\t\t\t\t\t\t\t\t\t\t\t<img loading=\"lazy\" decoding=\"async\" width=\"150\" height=\"150\" src=\"https:\/\/zicosprodrecords.com\/wp-content\/uploads\/2023\/08\/20190829_002223-EDIT-150x150.jpg\" class=\"attachment-thumbnail size-thumbnail wp-image-12413\" alt=\"\" \/>\t\t\t\t\t\t\t\t\t\t\t\t\t\t\t<\/div>\n\t\t\t\t<\/div>\n\t\t<div class=\"elementor-element elementor-element-2f9b1924 e-con-full e-flex wpr-particle-no wpr-jarallax-no wpr-parallax-no wpr-equal-height-no e-con e-child\" data-id=\"2f9b1924\" data-element_type=\"container\" data-e-type=\"container\">\n\t\t<div class=\"elementor-element elementor-element-61619e31 e-con-full e-flex wpr-particle-no wpr-jarallax-no wpr-parallax-no wpr-equal-height-no e-con e-child\" data-id=\"61619e31\" data-element_type=\"container\" data-e-type=\"container\">\n\t\t\t\t<div class=\"elementor-element elementor-element-2ebd1301 elementor-blockquote--skin-quotation elementor-blockquote--align-center elementor-hidden-tablet elementor-hidden-mobile elementor-widget elementor-widget-blockquote\" data-id=\"2ebd1301\" data-element_type=\"widget\" data-e-type=\"widget\" data-widget_type=\"blockquote.default\">\n\t\t\t\t<div class=\"elementor-widget-container\">\n\t\t\t\t\t\t\t<blockquote class=\"elementor-blockquote\">\n\t\t\t<p class=\"elementor-blockquote__content\">\n\t\t\t\thow was born<br> Zicos PRod Records\t\t\t<\/p>\n\t\t\t\t\t<\/blockquote>\n\t\t\t\t\t\t<\/div>\n\t\t\t\t<\/div>\n\t\t\t\t<\/div>\n\t\t<div class=\"elementor-element elementor-element-301f4ed e-con-full e-flex wpr-particle-no wpr-jarallax-no wpr-parallax-no wpr-equal-height-no e-con e-child\" data-id=\"301f4ed\" data-element_type=\"container\" data-e-type=\"container\">\n\t\t\t\t<div class=\"elementor-element elementor-element-bf7c615 elementor-widget elementor-widget-text-editor\" data-id=\"bf7c615\" data-element_type=\"widget\" data-e-type=\"widget\" data-widget_type=\"text-editor.default\">\n\t\t\t\t<div class=\"elementor-widget-container\">\n\t\t\t\t\t\t\t\t\t<p class=\"translation-block\"><span data-contrast=\"auto\"><strong> Bruno<\/strong>, pianist, specializes in accompaniment of singers, he started piano at the age of 4 and very young ( 14 years) He turned professional as a pianist for the <strong>godson of<\/strong> <strong>Madame Line RENAUD<\/strong>, with whom he toured for nearly five years and recorded two albums, which in the meantime opened the podiums Paul Ricard and Europe1.<\/span><\/p><p>En 1984 il met fin \u00e0 sa collaboration avec ce chanteur et devient le pianiste du \u00a0\u00bb Coton Club \u00a0\u00bb\u00a0 au sein de \u00a0\u00bb la plus grande discoth\u00e8que \u00a0\u00bb\u00a0 de Normandie de l&rsquo;\u00e9poque \u00a0\u00bb LA BROCHERIE \u00ab\u00a0o\u00f9 il se produira tous les vendredis, samedis et dimanches pendant 3 ans, c&rsquo;est l\u00e0 qu&rsquo;il fera la connaissance de Fabrice THIERRY.<\/p><p><span style=\"text-align: var(--text-align);\" data-contrast=\"auto\">En 1987\u00a0 il devient vendeur d\u00e9monstrateur dans un magasin de musique tr\u00e8s connue \u00e0 cette \u00e9poque \u00e0 Rouen, le soir il est pianiste de bar au Novotel Rouen sud du lundi au vendredi pendant 12 ans, il profitera de cette exp\u00e9rience pour se d\u00e9velopper un r\u00e9pertoire plus jazz et Rack Pack , parall\u00e8lement il r\u00e9alisera de nombreux arrangements musicaux pour des artistes Rouannais et surtout Parisiens dans son premier home studio o\u00f9 il travaille d\u00e9j\u00e0 sur le c\u00e9l\u00e8bre logiciel\u00a0 <strong>Cubase (Steinberg)<\/strong> qui en est encore qu\u2019a ses balbutiements sur <strong>Atari\u202f! <\/strong><\/span><span style=\"text-align: var(--text-align);\" data-ccp-props=\"{&quot;201341983&quot;:0,&quot;335559739&quot;:160,&quot;335559740&quot;:259}\">\u00a0<\/span><\/p><p>C&rsquo;est \u00e0 partir de l\u2019ann\u00e9e 2003 qu\u2019il commence \u00e0 se concocter un home studio plus \u00e9quip\u00e9 et commence \u00e0 faire de la production avec des reprises comme \u00ab\u00a0Pop-corn , Mission impossible, Xfile\u00a0\u00bb destin\u00e9s au Club discoth\u00e8que.<\/p><p><span data-ccp-props=\"{&quot;201341983&quot;:0,&quot;335559739&quot;:160,&quot;335559740&quot;:259}\">Il travaillera \u00e9galement pendant deux ans sur un projet de com\u00e9die musicale avec les chansons d&rsquo;un tr\u00e8s c\u00e9l\u00e8bre chanteur, auteur, compositeur dont il co\u00e9crit le sc\u00e9nario, recr\u00e9e et modernise les arrangements musicaux, malheureusement ce projet ne verra jamais le jour suite \u00e0 la production qui stopera le projet pour des raisons rest\u00e9es encore incompr\u00e9hensibles \u00e0 ce jour.<\/span><\/p><p>En 2009, <strong>Bruno produira la reprise de \u00a0\u00bb Last Night \u00a0\u00bb par MADISON COWBOY avec DJ ROBBIE &amp; FABBY. T<\/strong> qui rencontrera un grand succ\u00e8s mondial et sera m\u00eame diffus\u00e9 sur la <strong>TV CENTURY FOX aux USA et au CANADA<\/strong>.<\/p><p>Au cours de toutes ces ann\u00e9es, Bruno s&rsquo;est forg\u00e9 une solide r\u00e9putation de pianiste et beaucoup coll\u00e8gues et amis musiciens le surnommeront \u00a0\u00bb le Zicos \u00ab\u00a0<\/p><p><span data-ccp-props=\"{&quot;201341983&quot;:0,&quot;335559739&quot;:160,&quot;335559740&quot;:259}\">Ce sera juste apr\u00e8s cette production que le studio prendra d&rsquo;abord le nom de <strong>\u00ab\u00a0Zicos Prod \u00ab\u00a0<\/strong> puis <strong>\u00ab\u00a0Zicos Prod Records\u00a0\u00bb.<\/strong><\/span><\/p><p class=\"translation-block\">In 2017, a collaboration will begin between Bruno and <strong>Renaud VALLON, <\/strong>founder of<strong> FEARLESS<\/strong> and friend of 30 years that the music had not yet gathered on the same project.<\/p><p>De cette collaboration d\u00e9couleront 3 albums, un single et plusieurs vid\u00e9os \u00ab\u00a0<strong> FEARLESS<\/strong> \u00a0\u00bb le dernier en date sorti en 2023<strong> \u00a0\u00bb TALK TO ME\u00a0\u00bb<\/strong>.<\/p><p>Bruno se produit toujours sur sc\u00e8ne avec son ami \u00a0\u00bb <strong>Fabrice THIERRY\u00a0\u00bb chanteur imitateur<\/strong>, ils enchainent les concerts avec les reprises de grands de la chanson Fran\u00e7aise et internationale.\u00a0<\/p><p>Pendant toutes ces ann\u00e9es, Bruno s&rsquo;est forg\u00e9 une solide exp\u00e9rience professionnelle non seulement en tant que musicien mais \u00e9galement comme ing\u00e9nieur du son et sur les syst\u00e8mes MAO.<\/p><p>Ainsi est n\u00e9 un studio d&rsquo;enregistrement et de production professionnelle \u00e9paul\u00e9 par des personnes qui mettent leurs talents de musiciens, chanteurs, auteurs compositeurs au service de la musique.<\/p><p>Music is our philosophy.<\/p><p><strong>Zicos Prod Records\u00a9<\/strong><\/p><p><span data-ccp-props=\"{&quot;201341983&quot;:0,&quot;335559739&quot;:160,&quot;335559740&quot;:259}\"> \u00a0 \u00a0<\/span><\/p>\t\t\t\t\t\t\t\t<\/div>\n\t\t\t\t<\/div>\n\t\t\t\t<\/div>\n\t\t\t\t<\/div>\n\t\t\t\t<\/div>\n\t\t\t\t<\/div>\n\t\t<div style=\"margin: 20px 0;\"><div class=\"qrcswholewtapper\" style=\"text-align:left;\"><div class=\"qrcprowrapper\"  id=\"qrcwraa2leds\"><div class=\"qrc_canvass\" id=\"qrc_cuttenpages_2\" style=\"display:inline-block\" data-text=\"https:\/\/zicosprodrecords.com\/en\/la-team\/\"><\/div><div><a download=\"LA TEAM.png\" class=\"qrcdownloads\" id=\"worign\">\r\n           <button type=\"button\" style=\"min-width:100px;background:#c8fd8c;color:;font-weight: 600;border: 1px solid #dddddd;border-radius:4px;font-size:12px;padding: 6px 0;\" class=\"uqr_code_btn\">Download QR<\/button>\r\n           <\/a><\/div><\/div><\/div><\/div>","protected":false},"excerpt":{"rendered":"<p>Bruno HAREL Ing\u00e9-sonMusicien Pianiste, arrangeur, clavi\u00e9riste, compositeur, professeur de Piano, solf\u00e8ge, et MAO, Bruno est le fondateur de Zicos Prod<\/p>","protected":false},"author":1,"featured_media":0,"parent":0,"menu_order":0,"comment_status":"closed","ping_status":"closed","template":"","meta":{"_price":"","_stock":"","_tribe_ticket_header":"","_tribe_default_ticket_provider":"","_tribe_ticket_capacity":"0","_ticket_start_date":"","_ticket_end_date":"","_tribe_ticket_show_description":"","_tribe_ticket_show_not_going":false,"_tribe_ticket_use_global_stock":"","_tribe_ticket_global_stock_level":"","_global_stock_mode":"","_global_stock_cap":"","_tribe_rsvp_for_event":"","_tribe_ticket_going_count":"","_tribe_ticket_not_going_count":"","_tribe_tickets_list":"[]","_tribe_ticket_has_attendee_info_fields":false,"footnotes":"","_tec_slr_enabled":"","_tec_slr_layout":""},"class_list":["post-11754","page","type-page","status-publish","hentry"],"yoast_head":"<!-- This site is optimized with the Yoast SEO plugin v27.4 - https:\/\/yoast.com\/product\/yoast-seo-wordpress\/ -->\n<title>LA TEAM - Zicos Prod Records<\/title>\n<meta name=\"robots\" content=\"index, follow, max-snippet:-1, max-image-preview:large, max-video-preview:-1\" \/>\n<link rel=\"canonical\" href=\"https:\/\/zicosprodrecords.com\/en\/la-team\/\" \/>\n<meta property=\"og:locale\" content=\"en_US\" \/>\n<meta property=\"og:type\" content=\"article\" \/>\n<meta property=\"og:title\" content=\"LA TEAM - Zicos Prod Records\" \/>\n<meta property=\"og:description\" content=\"Bruno HAREL Ing\u00e9-sonMusicien Pianiste, arrangeur, clavi\u00e9riste, compositeur, professeur de Piano, solf\u00e8ge, et MAO, Bruno est le fondateur de Zicos Prod\" \/>\n<meta property=\"og:url\" content=\"https:\/\/zicosprodrecords.com\/en\/la-team\/\" \/>\n<meta property=\"og:site_name\" content=\"Zicos Prod Records\" \/>\n<meta property=\"article:modified_time\" content=\"2025-06-23T22:47:28+00:00\" \/>\n<meta property=\"og:image\" content=\"http:\/\/zicosprodrecords.com\/wp-content\/uploads\/2022\/07\/IMG_0266.jpg\" \/>\n<meta name=\"twitter:card\" content=\"summary_large_image\" \/>\n<meta name=\"twitter:label1\" content=\"Est. reading time\" \/>\n\t<meta name=\"twitter:data1\" content=\"5 minutes\" \/>\n<script type=\"application\/ld+json\" class=\"yoast-schema-graph\">{\"@context\":\"https:\\\/\\\/schema.org\",\"@graph\":[{\"@type\":\"WebPage\",\"@id\":\"https:\\\/\\\/zicosprodrecords.com\\\/la-team\\\/\",\"url\":\"https:\\\/\\\/zicosprodrecords.com\\\/la-team\\\/\",\"name\":\"LA TEAM - Zicos Prod Records\",\"isPartOf\":{\"@id\":\"https:\\\/\\\/zicosprodrecords.com\\\/#website\"},\"primaryImageOfPage\":{\"@id\":\"https:\\\/\\\/zicosprodrecords.com\\\/la-team\\\/#primaryimage\"},\"image\":{\"@id\":\"https:\\\/\\\/zicosprodrecords.com\\\/la-team\\\/#primaryimage\"},\"thumbnailUrl\":\"http:\\\/\\\/zicosprodrecords.com\\\/wp-content\\\/uploads\\\/2022\\\/07\\\/IMG_0266.jpg\",\"datePublished\":\"2023-07-26T19:25:30+00:00\",\"dateModified\":\"2025-06-23T22:47:28+00:00\",\"breadcrumb\":{\"@id\":\"https:\\\/\\\/zicosprodrecords.com\\\/la-team\\\/#breadcrumb\"},\"inLanguage\":\"en-US\",\"potentialAction\":[{\"@type\":\"ReadAction\",\"target\":[\"https:\\\/\\\/zicosprodrecords.com\\\/la-team\\\/\"]}]},{\"@type\":\"ImageObject\",\"inLanguage\":\"en-US\",\"@id\":\"https:\\\/\\\/zicosprodrecords.com\\\/la-team\\\/#primaryimage\",\"url\":\"http:\\\/\\\/zicosprodrecords.com\\\/wp-content\\\/uploads\\\/2022\\\/07\\\/IMG_0266.jpg\",\"contentUrl\":\"http:\\\/\\\/zicosprodrecords.com\\\/wp-content\\\/uploads\\\/2022\\\/07\\\/IMG_0266.jpg\"},{\"@type\":\"BreadcrumbList\",\"@id\":\"https:\\\/\\\/zicosprodrecords.com\\\/la-team\\\/#breadcrumb\",\"itemListElement\":[{\"@type\":\"ListItem\",\"position\":1,\"name\":\"Accueil\",\"item\":\"https:\\\/\\\/zicosprodrecords.com\\\/\"},{\"@type\":\"ListItem\",\"position\":2,\"name\":\"LA TEAM\"}]},{\"@type\":\"WebSite\",\"@id\":\"https:\\\/\\\/zicosprodrecords.com\\\/#website\",\"url\":\"https:\\\/\\\/zicosprodrecords.com\\\/\",\"name\":\"Zicos Prod Records\",\"description\":\"La musique est notre philosophie\",\"publisher\":{\"@id\":\"https:\\\/\\\/zicosprodrecords.com\\\/#organization\"},\"potentialAction\":[{\"@type\":\"SearchAction\",\"target\":{\"@type\":\"EntryPoint\",\"urlTemplate\":\"https:\\\/\\\/zicosprodrecords.com\\\/?s={search_term_string}\"},\"query-input\":{\"@type\":\"PropertyValueSpecification\",\"valueRequired\":true,\"valueName\":\"search_term_string\"}}],\"inLanguage\":\"en-US\"},{\"@type\":\"Organization\",\"@id\":\"https:\\\/\\\/zicosprodrecords.com\\\/#organization\",\"name\":\"Zicos Prod Records\",\"url\":\"https:\\\/\\\/zicosprodrecords.com\\\/\",\"logo\":{\"@type\":\"ImageObject\",\"inLanguage\":\"en-US\",\"@id\":\"https:\\\/\\\/zicosprodrecords.com\\\/#\\\/schema\\\/logo\\\/image\\\/\",\"url\":\"https:\\\/\\\/zicosprodrecords.com\\\/wp-content\\\/uploads\\\/2026\\\/02\\\/logo_basic-2.png\",\"contentUrl\":\"https:\\\/\\\/zicosprodrecords.com\\\/wp-content\\\/uploads\\\/2026\\\/02\\\/logo_basic-2.png\",\"width\":3125,\"height\":1875,\"caption\":\"Zicos Prod Records\"},\"image\":{\"@id\":\"https:\\\/\\\/zicosprodrecords.com\\\/#\\\/schema\\\/logo\\\/image\\\/\"}}]}<\/script>\n<!-- \/ Yoast SEO plugin. -->","yoast_head_json":{"title":"LA TEAM - Zicos Prod Records","robots":{"index":"index","follow":"follow","max-snippet":"max-snippet:-1","max-image-preview":"max-image-preview:large","max-video-preview":"max-video-preview:-1"},"canonical":"https:\/\/zicosprodrecords.com\/en\/la-team\/","og_locale":"en_US","og_type":"article","og_title":"LA TEAM - Zicos Prod Records","og_description":"Bruno HAREL Ing\u00e9-sonMusicien Pianiste, arrangeur, clavi\u00e9riste, compositeur, professeur de Piano, solf\u00e8ge, et MAO, Bruno est le fondateur de Zicos Prod","og_url":"https:\/\/zicosprodrecords.com\/en\/la-team\/","og_site_name":"Zicos Prod Records","article_modified_time":"2025-06-23T22:47:28+00:00","og_image":[{"url":"http:\/\/zicosprodrecords.com\/wp-content\/uploads\/2022\/07\/IMG_0266.jpg","type":"","width":"","height":""}],"twitter_card":"summary_large_image","twitter_misc":{"Est. reading time":"5 minutes"},"schema":{"@context":"https:\/\/schema.org","@graph":[{"@type":"WebPage","@id":"https:\/\/zicosprodrecords.com\/la-team\/","url":"https:\/\/zicosprodrecords.com\/la-team\/","name":"LA TEAM - Zicos Prod Records","isPartOf":{"@id":"https:\/\/zicosprodrecords.com\/#website"},"primaryImageOfPage":{"@id":"https:\/\/zicosprodrecords.com\/la-team\/#primaryimage"},"image":{"@id":"https:\/\/zicosprodrecords.com\/la-team\/#primaryimage"},"thumbnailUrl":"http:\/\/zicosprodrecords.com\/wp-content\/uploads\/2022\/07\/IMG_0266.jpg","datePublished":"2023-07-26T19:25:30+00:00","dateModified":"2025-06-23T22:47:28+00:00","breadcrumb":{"@id":"https:\/\/zicosprodrecords.com\/la-team\/#breadcrumb"},"inLanguage":"en-US","potentialAction":[{"@type":"ReadAction","target":["https:\/\/zicosprodrecords.com\/la-team\/"]}]},{"@type":"ImageObject","inLanguage":"en-US","@id":"https:\/\/zicosprodrecords.com\/la-team\/#primaryimage","url":"http:\/\/zicosprodrecords.com\/wp-content\/uploads\/2022\/07\/IMG_0266.jpg","contentUrl":"http:\/\/zicosprodrecords.com\/wp-content\/uploads\/2022\/07\/IMG_0266.jpg"},{"@type":"BreadcrumbList","@id":"https:\/\/zicosprodrecords.com\/la-team\/#breadcrumb","itemListElement":[{"@type":"ListItem","position":1,"name":"Accueil","item":"https:\/\/zicosprodrecords.com\/"},{"@type":"ListItem","position":2,"name":"LA TEAM"}]},{"@type":"WebSite","@id":"https:\/\/zicosprodrecords.com\/#website","url":"https:\/\/zicosprodrecords.com\/","name":"Zicos Prod Records","description":"La musique est notre philosophie","publisher":{"@id":"https:\/\/zicosprodrecords.com\/#organization"},"potentialAction":[{"@type":"SearchAction","target":{"@type":"EntryPoint","urlTemplate":"https:\/\/zicosprodrecords.com\/?s={search_term_string}"},"query-input":{"@type":"PropertyValueSpecification","valueRequired":true,"valueName":"search_term_string"}}],"inLanguage":"en-US"},{"@type":"Organization","@id":"https:\/\/zicosprodrecords.com\/#organization","name":"Zicos Prod Records","url":"https:\/\/zicosprodrecords.com\/","logo":{"@type":"ImageObject","inLanguage":"en-US","@id":"https:\/\/zicosprodrecords.com\/#\/schema\/logo\/image\/","url":"https:\/\/zicosprodrecords.com\/wp-content\/uploads\/2026\/02\/logo_basic-2.png","contentUrl":"https:\/\/zicosprodrecords.com\/wp-content\/uploads\/2026\/02\/logo_basic-2.png","width":3125,"height":1875,"caption":"Zicos Prod Records"},"image":{"@id":"https:\/\/zicosprodrecords.com\/#\/schema\/logo\/image\/"}}]}},"_hostinger_reach_plugin_has_subscription_block":false,"_hostinger_reach_plugin_is_elementor":false,"acf":[],"ticketed":false,"_links":{"self":[{"href":"https:\/\/zicosprodrecords.com\/en\/wp-json\/wp\/v2\/pages\/11754","targetHints":{"allow":["GET"]}}],"collection":[{"href":"https:\/\/zicosprodrecords.com\/en\/wp-json\/wp\/v2\/pages"}],"about":[{"href":"https:\/\/zicosprodrecords.com\/en\/wp-json\/wp\/v2\/types\/page"}],"author":[{"embeddable":true,"href":"https:\/\/zicosprodrecords.com\/en\/wp-json\/wp\/v2\/users\/1"}],"replies":[{"embeddable":true,"href":"https:\/\/zicosprodrecords.com\/en\/wp-json\/wp\/v2\/comments?post=11754"}],"version-history":[{"count":0,"href":"https:\/\/zicosprodrecords.com\/en\/wp-json\/wp\/v2\/pages\/11754\/revisions"}],"wp:attachment":[{"href":"https:\/\/zicosprodrecords.com\/en\/wp-json\/wp\/v2\/media?parent=11754"}],"curies":[{"name":"wp","href":"https:\/\/api.w.org\/{rel}","templated":true}]}}