{"id":14666,"date":"2024-02-28T00:38:22","date_gmt":"2024-02-27T22:38:22","guid":{"rendered":"https:\/\/zicosprodrecords.com\/?page_id=14666"},"modified":"2024-02-28T00:38:25","modified_gmt":"2024-02-27T22:38:25","slug":"mentions-legales","status":"publish","type":"page","link":"https:\/\/zicosprodrecords.com\/en\/mentions-legales\/","title":{"rendered":"terms and conditions"},"content":{"rendered":"<p>L&rsquo;\u00e9diteur du site internet est Bruno HAREL.<\/p>\n\n\n\n<p>Contact : <a href=\"mailto:contact@zicosprodrecords.com\">contact@zicosprodrecords.com<\/a><\/p>\n\n\n\n<h2 class=\"wp-block-heading\"><mark style=\"background-color:rgba(0, 0, 0, 0)\" class=\"has-inline-color has-vivid-purple-color\">Directeur de la publication<\/mark><\/h2>\n\n\n\n<p>D\u00e9nomination : Bruno HAREL<\/p>\n\n\n\n<p>Marque : Zicos Prod Records<\/p>\n\n\n\n<p>Adresse mail : <a href=\"mailto:contact@zicosprodrecords.com\">contact@zicosprodrecords.com<\/a><br>SIREN : 39345773400035 Entrepreneure individuel<\/p>\n\n\n\n<h2 class=\"wp-block-heading\"><mark style=\"background-color:rgba(0, 0, 0, 0)\" class=\"has-inline-color has-vivid-purple-color\">H\u00e9bergeur<\/mark><\/h2>\n\n\n\n<p>Hostinger, UAB<\/p>\n\n\n\n<p>Jonavos g. 60C, 44192<\/p>\n\n\n\n<p>Kaunas, Lituanie<\/p>\n\n\n\n<h2 class=\"wp-block-heading\"><mark style=\"background-color:rgba(0, 0, 0, 0)\" class=\"has-inline-color has-vivid-purple-color\">Propri\u00e9t\u00e9 intellectuelle<\/mark><\/h2>\n\n\n\n<p>Le site internet <a href=\"https:\/\/zicosprodrecords.com\/en\/\">zicosprodrecords.com<\/a>  est la propri\u00e9t\u00e9 intellectuelle de Bruno HAREL.<\/p>\n\n\n\n<p>Zicos Prod Records\u00a9 est une marque prot\u00e9g\u00e9e en cours de d\u00e9pot aupr\u00e8s de l&rsquo;INPI.<\/p>\n\n\n\n<p>L&rsquo;ensemble du contenu du site (logo, textes&#8230;) est prot\u00e9g\u00e9e et aucune copie, reproduction, diffusion, modification, ou transmission, m\u00eame partielle ne peut \u00eatre faite sans l&rsquo;autorisation \u00e9crite de Bruno HAREL.<\/p>\n\n\n\n<h2 class=\"wp-block-heading\"><mark style=\"background-color:rgba(0, 0, 0, 0)\" class=\"has-inline-color has-vivid-purple-color\">Les donn\u00e9es personnelles<\/mark><\/h2>\n\n\n\n<p>Les donn\u00e9es personnelles du site sont trait\u00e9es par Bruno HAREL. Les donn\u00e9es trait\u00e9es en ligne concernent des utilisateurs apr\u00e8s avoir recueilli le consentement de ces derniers. Les donn\u00e9es personnelle ne sont aucunement vendues, communiqu\u00e9es \u00e0 des tiers ou bien transf\u00e9r\u00e9es.\u00a0<\/p>\n\n\n\n<p>Vous disposez d&rsquo;un droit d&rsquo;acc\u00e8s, de rectification, d&rsquo;interrogation, de suppression ou d&rsquo;opposition de vos donn\u00e9es. Si vous souhaitez exercer ce droit, vous pouvez contacter Bruno HAREL, <\/p>\n\n\n\n<p><a href=\"mailto:contact@zicosprodrecords.com\">contact@zicosprodrecords.com<\/a><\/p>","protected":false},"excerpt":{"rendered":"<p>L&rsquo;\u00e9diteur du site internet est Bruno HAREL. Contact : contact@zicosprodrecords.com Directeur de la publication D\u00e9nomination : Bruno HAREL Marque :<\/p>","protected":false},"author":1,"featured_media":0,"parent":0,"menu_order":0,"comment_status":"closed","ping_status":"closed","template":"","meta":{"_price":"","_stock":"","_tribe_ticket_header":"","_tribe_default_ticket_provider":"","_tribe_ticket_capacity":"0","_ticket_start_date":"","_ticket_end_date":"","_tribe_ticket_show_description":"","_tribe_ticket_show_not_going":false,"_tribe_ticket_use_global_stock":"","_tribe_ticket_global_stock_level":"","_global_stock_mode":"","_global_stock_cap":"","_tribe_rsvp_for_event":"","_tribe_ticket_going_count":"","_tribe_ticket_not_going_count":"","_tribe_tickets_list":"[]","_tribe_ticket_has_attendee_info_fields":false,"footnotes":"","_tec_slr_enabled":"","_tec_slr_layout":""},"class_list":["post-14666","page","type-page","status-publish","hentry"],"yoast_head":"<!-- This site is optimized with the Yoast SEO plugin v27.4 - https:\/\/yoast.com\/product\/yoast-seo-wordpress\/ -->\n<title>Mentions L\u00e9gales - Zicos Prod Records<\/title>\n<meta name=\"description\" content=\"Mentions L\u00e9gales - Le site internet zicosprodrecords.com est la propri\u00e9t\u00e9 intellectuelle de Bruno HAREL.Zicos Prod Records\u00a9 est une marque prot\u00e9g\u00e9e en cours de d\u00e9pot aupr\u00e8s de l&#039;INPI.L&#039;ensemble du contenu du site (logo, textes...) est prot\u00e9g\u00e9e et aucune copie, reproduction, diffusion, modification, ou transmission, m\u00eame partielle ne peut \u00eatre faite sans l&#039;autorisation \u00e9crite de Bruno HAREL.\" \/>\n<meta name=\"robots\" content=\"index, nofollow, max-snippet:-1, max-image-preview:large, max-video-preview:-1\" \/>\n<link rel=\"canonical\" href=\"https:\/\/zicosprodrecords.com\/en\/mentions-legales\/\" \/>\n<meta property=\"og:locale\" content=\"en_US\" \/>\n<meta property=\"og:type\" content=\"article\" \/>\n<meta property=\"og:title\" content=\"Mentions L\u00e9gales - Zicos Prod Records\" \/>\n<meta property=\"og:description\" content=\"Mentions L\u00e9gales - Le site internet zicosprodrecords.com est la propri\u00e9t\u00e9 intellectuelle de Bruno HAREL.Zicos Prod Records\u00a9 est une marque prot\u00e9g\u00e9e en cours de d\u00e9pot aupr\u00e8s de l&#039;INPI.L&#039;ensemble du contenu du site (logo, textes...) est prot\u00e9g\u00e9e et aucune copie, reproduction, diffusion, modification, ou transmission, m\u00eame partielle ne peut \u00eatre faite sans l&#039;autorisation \u00e9crite de Bruno HAREL.\" \/>\n<meta property=\"og:url\" content=\"https:\/\/zicosprodrecords.com\/en\/mentions-legales\/\" \/>\n<meta property=\"og:site_name\" content=\"Zicos Prod Records\" \/>\n<meta property=\"article:modified_time\" content=\"2024-02-27T22:38:25+00:00\" \/>\n<meta name=\"twitter:card\" content=\"summary_large_image\" \/>\n<meta name=\"twitter:label1\" content=\"Est. reading time\" \/>\n\t<meta name=\"twitter:data1\" content=\"1 minute\" \/>\n<script type=\"application\/ld+json\" class=\"yoast-schema-graph\">{\"@context\":\"https:\\\/\\\/schema.org\",\"@graph\":[{\"@type\":\"WebPage\",\"@id\":\"https:\\\/\\\/zicosprodrecords.com\\\/mentions-legales\\\/\",\"url\":\"https:\\\/\\\/zicosprodrecords.com\\\/mentions-legales\\\/\",\"name\":\"Mentions L\u00e9gales - Zicos Prod Records\",\"isPartOf\":{\"@id\":\"https:\\\/\\\/zicosprodrecords.com\\\/#website\"},\"datePublished\":\"2024-02-27T22:38:22+00:00\",\"dateModified\":\"2024-02-27T22:38:25+00:00\",\"description\":\"Mentions L\u00e9gales - Le site internet zicosprodrecords.com est la propri\u00e9t\u00e9 intellectuelle de Bruno HAREL.Zicos Prod Records\u00a9 est une marque prot\u00e9g\u00e9e en cours de d\u00e9pot aupr\u00e8s de l'INPI.L'ensemble du contenu du site (logo, textes...) est prot\u00e9g\u00e9e et aucune copie, reproduction, diffusion, modification, ou transmission, m\u00eame partielle ne peut \u00eatre faite sans l'autorisation \u00e9crite de Bruno HAREL.\",\"breadcrumb\":{\"@id\":\"https:\\\/\\\/zicosprodrecords.com\\\/mentions-legales\\\/#breadcrumb\"},\"inLanguage\":\"en-US\",\"potentialAction\":[{\"@type\":\"ReadAction\",\"target\":[\"https:\\\/\\\/zicosprodrecords.com\\\/mentions-legales\\\/\"]}]},{\"@type\":\"BreadcrumbList\",\"@id\":\"https:\\\/\\\/zicosprodrecords.com\\\/mentions-legales\\\/#breadcrumb\",\"itemListElement\":[{\"@type\":\"ListItem\",\"position\":1,\"name\":\"Accueil\",\"item\":\"https:\\\/\\\/zicosprodrecords.com\\\/\"},{\"@type\":\"ListItem\",\"position\":2,\"name\":\"Mentions L\u00e9gales\"}]},{\"@type\":\"WebSite\",\"@id\":\"https:\\\/\\\/zicosprodrecords.com\\\/#website\",\"url\":\"https:\\\/\\\/zicosprodrecords.com\\\/\",\"name\":\"Zicos Prod Records\",\"description\":\"La musique est notre philosophie\",\"publisher\":{\"@id\":\"https:\\\/\\\/zicosprodrecords.com\\\/#organization\"},\"potentialAction\":[{\"@type\":\"SearchAction\",\"target\":{\"@type\":\"EntryPoint\",\"urlTemplate\":\"https:\\\/\\\/zicosprodrecords.com\\\/?s={search_term_string}\"},\"query-input\":{\"@type\":\"PropertyValueSpecification\",\"valueRequired\":true,\"valueName\":\"search_term_string\"}}],\"inLanguage\":\"en-US\"},{\"@type\":\"Organization\",\"@id\":\"https:\\\/\\\/zicosprodrecords.com\\\/#organization\",\"name\":\"Zicos Prod Records\",\"url\":\"https:\\\/\\\/zicosprodrecords.com\\\/\",\"logo\":{\"@type\":\"ImageObject\",\"inLanguage\":\"en-US\",\"@id\":\"https:\\\/\\\/zicosprodrecords.com\\\/#\\\/schema\\\/logo\\\/image\\\/\",\"url\":\"https:\\\/\\\/zicosprodrecords.com\\\/wp-content\\\/uploads\\\/2026\\\/02\\\/logo_basic-2.png\",\"contentUrl\":\"https:\\\/\\\/zicosprodrecords.com\\\/wp-content\\\/uploads\\\/2026\\\/02\\\/logo_basic-2.png\",\"width\":3125,\"height\":1875,\"caption\":\"Zicos Prod Records\"},\"image\":{\"@id\":\"https:\\\/\\\/zicosprodrecords.com\\\/#\\\/schema\\\/logo\\\/image\\\/\"}}]}<\/script>\n<!-- \/ Yoast SEO plugin. -->","yoast_head_json":{"title":"Mentions L\u00e9gales - Zicos Prod Records","description":"Mentions L\u00e9gales - Le site internet zicosprodrecords.com est la propri\u00e9t\u00e9 intellectuelle de Bruno HAREL.Zicos Prod Records\u00a9 est une marque prot\u00e9g\u00e9e en cours de d\u00e9pot aupr\u00e8s de l'INPI.L'ensemble du contenu du site (logo, textes...) est prot\u00e9g\u00e9e et aucune copie, reproduction, diffusion, modification, ou transmission, m\u00eame partielle ne peut \u00eatre faite sans l'autorisation \u00e9crite de Bruno HAREL.","robots":{"index":"index","follow":"nofollow","max-snippet":"max-snippet:-1","max-image-preview":"max-image-preview:large","max-video-preview":"max-video-preview:-1"},"canonical":"https:\/\/zicosprodrecords.com\/en\/mentions-legales\/","og_locale":"en_US","og_type":"article","og_title":"Mentions L\u00e9gales - Zicos Prod Records","og_description":"Mentions L\u00e9gales - Le site internet zicosprodrecords.com est la propri\u00e9t\u00e9 intellectuelle de Bruno HAREL.Zicos Prod Records\u00a9 est une marque prot\u00e9g\u00e9e en cours de d\u00e9pot aupr\u00e8s de l'INPI.L'ensemble du contenu du site (logo, textes...) est prot\u00e9g\u00e9e et aucune copie, reproduction, diffusion, modification, ou transmission, m\u00eame partielle ne peut \u00eatre faite sans l'autorisation \u00e9crite de Bruno HAREL.","og_url":"https:\/\/zicosprodrecords.com\/en\/mentions-legales\/","og_site_name":"Zicos Prod Records","article_modified_time":"2024-02-27T22:38:25+00:00","twitter_card":"summary_large_image","twitter_misc":{"Est. reading time":"1 minute"},"schema":{"@context":"https:\/\/schema.org","@graph":[{"@type":"WebPage","@id":"https:\/\/zicosprodrecords.com\/mentions-legales\/","url":"https:\/\/zicosprodrecords.com\/mentions-legales\/","name":"Mentions L\u00e9gales - Zicos Prod Records","isPartOf":{"@id":"https:\/\/zicosprodrecords.com\/#website"},"datePublished":"2024-02-27T22:38:22+00:00","dateModified":"2024-02-27T22:38:25+00:00","description":"Mentions L\u00e9gales - Le site internet zicosprodrecords.com est la propri\u00e9t\u00e9 intellectuelle de Bruno HAREL.Zicos Prod Records\u00a9 est une marque prot\u00e9g\u00e9e en cours de d\u00e9pot aupr\u00e8s de l'INPI.L'ensemble du contenu du site (logo, textes...) est prot\u00e9g\u00e9e et aucune copie, reproduction, diffusion, modification, ou transmission, m\u00eame partielle ne peut \u00eatre faite sans l'autorisation \u00e9crite de Bruno HAREL.","breadcrumb":{"@id":"https:\/\/zicosprodrecords.com\/mentions-legales\/#breadcrumb"},"inLanguage":"en-US","potentialAction":[{"@type":"ReadAction","target":["https:\/\/zicosprodrecords.com\/mentions-legales\/"]}]},{"@type":"BreadcrumbList","@id":"https:\/\/zicosprodrecords.com\/mentions-legales\/#breadcrumb","itemListElement":[{"@type":"ListItem","position":1,"name":"Accueil","item":"https:\/\/zicosprodrecords.com\/"},{"@type":"ListItem","position":2,"name":"Mentions L\u00e9gales"}]},{"@type":"WebSite","@id":"https:\/\/zicosprodrecords.com\/#website","url":"https:\/\/zicosprodrecords.com\/","name":"Zicos Prod Records","description":"La musique est notre philosophie","publisher":{"@id":"https:\/\/zicosprodrecords.com\/#organization"},"potentialAction":[{"@type":"SearchAction","target":{"@type":"EntryPoint","urlTemplate":"https:\/\/zicosprodrecords.com\/?s={search_term_string}"},"query-input":{"@type":"PropertyValueSpecification","valueRequired":true,"valueName":"search_term_string"}}],"inLanguage":"en-US"},{"@type":"Organization","@id":"https:\/\/zicosprodrecords.com\/#organization","name":"Zicos Prod Records","url":"https:\/\/zicosprodrecords.com\/","logo":{"@type":"ImageObject","inLanguage":"en-US","@id":"https:\/\/zicosprodrecords.com\/#\/schema\/logo\/image\/","url":"https:\/\/zicosprodrecords.com\/wp-content\/uploads\/2026\/02\/logo_basic-2.png","contentUrl":"https:\/\/zicosprodrecords.com\/wp-content\/uploads\/2026\/02\/logo_basic-2.png","width":3125,"height":1875,"caption":"Zicos Prod Records"},"image":{"@id":"https:\/\/zicosprodrecords.com\/#\/schema\/logo\/image\/"}}]}},"_hostinger_reach_plugin_has_subscription_block":false,"_hostinger_reach_plugin_is_elementor":false,"acf":[],"ticketed":false,"_links":{"self":[{"href":"https:\/\/zicosprodrecords.com\/en\/wp-json\/wp\/v2\/pages\/14666","targetHints":{"allow":["GET"]}}],"collection":[{"href":"https:\/\/zicosprodrecords.com\/en\/wp-json\/wp\/v2\/pages"}],"about":[{"href":"https:\/\/zicosprodrecords.com\/en\/wp-json\/wp\/v2\/types\/page"}],"author":[{"embeddable":true,"href":"https:\/\/zicosprodrecords.com\/en\/wp-json\/wp\/v2\/users\/1"}],"replies":[{"embeddable":true,"href":"https:\/\/zicosprodrecords.com\/en\/wp-json\/wp\/v2\/comments?post=14666"}],"version-history":[{"count":0,"href":"https:\/\/zicosprodrecords.com\/en\/wp-json\/wp\/v2\/pages\/14666\/revisions"}],"wp:attachment":[{"href":"https:\/\/zicosprodrecords.com\/en\/wp-json\/wp\/v2\/media?parent=14666"}],"curies":[{"name":"wp","href":"https:\/\/api.w.org\/{rel}","templated":true}]}}