{"id":3050,"date":"2016-11-08T21:23:14","date_gmt":"2016-11-08T21:23:14","guid":{"rendered":"http:\/\/zicosprodrecords.com\/copy-of-home\/"},"modified":"2026-04-14T01:22:27","modified_gmt":"2026-04-13T23:22:27","slug":"home","status":"publish","type":"page","link":"https:\/\/zicosprodrecords.com\/en\/","title":{"rendered":"Home"},"content":{"rendered":"\t\t<div data-elementor-type=\"wp-post\" data-elementor-id=\"3050\" class=\"elementor elementor-3050\" data-elementor-post-type=\"page\">\n\t\t\t\t\t\t<section class=\"elementor-section elementor-top-section elementor-element elementor-element-bd47d46 elementor-section-full_width elementor-section-height-default elementor-section-height-default wpr-particle-no wpr-jarallax-no wpr-parallax-no wpr-equal-height-no\" data-id=\"bd47d46\" data-element_type=\"section\" data-e-type=\"section\" id=\"studios\" data-settings=\"{&quot;background_background&quot;:&quot;classic&quot;}\">\n\t\t\t\t\t\t\t<div class=\"elementor-background-overlay\"><\/div>\n\t\t\t\t\t\t\t<div class=\"elementor-container elementor-column-gap-default\">\n\t\t\t\t\t<div class=\"elementor-column elementor-col-100 elementor-top-column elementor-element elementor-element-122b2dc\" data-id=\"122b2dc\" data-element_type=\"column\" data-e-type=\"column\">\n\t\t\t<div class=\"elementor-widget-wrap elementor-element-populated\">\n\t\t\t\t\t\t<div class=\"elementor-element elementor-element-490bb41 e-transform elementor-invisible elementor-widget elementor-widget-heading\" data-id=\"490bb41\" data-element_type=\"widget\" data-e-type=\"widget\" data-settings=\"{&quot;_transform_scale_effect_tablet&quot;:{&quot;unit&quot;:&quot;px&quot;,&quot;size&quot;:0.9,&quot;sizes&quot;:[]},&quot;motion_fx_motion_fx_mouse&quot;:&quot;yes&quot;,&quot;motion_fx_tilt_effect&quot;:&quot;yes&quot;,&quot;motion_fx_tilt_speed&quot;:{&quot;unit&quot;:&quot;px&quot;,&quot;size&quot;:7.8,&quot;sizes&quot;:[]},&quot;_animation&quot;:&quot;shake&quot;,&quot;_transform_scale_effect&quot;:{&quot;unit&quot;:&quot;px&quot;,&quot;size&quot;:&quot;&quot;,&quot;sizes&quot;:[]},&quot;_transform_scale_effect_mobile&quot;:{&quot;unit&quot;:&quot;px&quot;,&quot;size&quot;:&quot;&quot;,&quot;sizes&quot;:[]}}\" data-widget_type=\"heading.default\">\n\t\t\t\t<div class=\"elementor-widget-container\">\n\t\t\t\t\t<h2 class=\"elementor-heading-title elementor-size-default\">NOUVEAU<\/h2>\t\t\t\t<\/div>\n\t\t\t\t<\/div>\n\t\t\t\t<div class=\"elementor-element elementor-element-bd6999c elementor-widget elementor-widget-heading\" data-id=\"bd6999c\" data-element_type=\"widget\" data-e-type=\"widget\" data-settings=\"{&quot;motion_fx_motion_fx_scrolling&quot;:&quot;yes&quot;,&quot;motion_fx_translateX_effect&quot;:&quot;yes&quot;,&quot;motion_fx_translateX_affectedRange&quot;:{&quot;unit&quot;:&quot;%&quot;,&quot;size&quot;:&quot;&quot;,&quot;sizes&quot;:{&quot;start&quot;:30,&quot;end&quot;:70}},&quot;motion_fx_devices&quot;:[&quot;desktop&quot;,&quot;tablet&quot;],&quot;motion_fx_translateX_speed&quot;:{&quot;unit&quot;:&quot;px&quot;,&quot;size&quot;:4,&quot;sizes&quot;:[]}}\" data-widget_type=\"heading.default\">\n\t\t\t\t<div class=\"elementor-widget-container\">\n\t\t\t\t\t<h2 class=\"elementor-heading-title elementor-size-default\">Sortie mondiale officielle : 25 Avril 2026 - 18h00  \ud83d\udcc5\n<\/h2>\t\t\t\t<\/div>\n\t\t\t\t<\/div>\n\t\t\t\t<div class=\"elementor-element elementor-element-a5e1009 elementor-widget elementor-widget-heading\" data-id=\"a5e1009\" data-element_type=\"widget\" data-e-type=\"widget\" data-settings=\"{&quot;motion_fx_motion_fx_scrolling&quot;:&quot;yes&quot;,&quot;motion_fx_translateX_effect&quot;:&quot;yes&quot;,&quot;motion_fx_translateX_affectedRange&quot;:{&quot;unit&quot;:&quot;%&quot;,&quot;size&quot;:&quot;&quot;,&quot;sizes&quot;:{&quot;start&quot;:30,&quot;end&quot;:70}},&quot;motion_fx_devices&quot;:[&quot;desktop&quot;,&quot;tablet&quot;],&quot;motion_fx_translateX_speed&quot;:{&quot;unit&quot;:&quot;px&quot;,&quot;size&quot;:4,&quot;sizes&quot;:[]}}\" data-widget_type=\"heading.default\">\n\t\t\t\t<div class=\"elementor-widget-container\">\n\t\t\t\t\t<h2 class=\"elementor-heading-title elementor-size-default\">Official global release: April 25, 2026 - 06:00 PM \ud83d\udcc5\n<\/h2>\t\t\t\t<\/div>\n\t\t\t\t<\/div>\n\t\t\t\t\t<\/div>\n\t\t<\/div>\n\t\t\t\t\t<\/div>\n\t\t<\/section>\n\t\t<div class=\"elementor-element elementor-element-81bb36f e-flex e-con-boxed wpr-particle-no wpr-jarallax-no wpr-parallax-no wpr-equal-height-no e-con e-parent\" data-id=\"81bb36f\" data-element_type=\"container\" data-e-type=\"container\" data-settings=\"{&quot;background_background&quot;:&quot;classic&quot;}\">\n\t\t\t\t\t<div class=\"e-con-inner\">\n\t\t<div class=\"elementor-element elementor-element-b0b2cff e-con-full e-flex wpr-particle-no wpr-jarallax-no wpr-parallax-no wpr-equal-height-no e-con e-child\" data-id=\"b0b2cff\" data-element_type=\"container\" data-e-type=\"container\">\n\t\t\t\t<div class=\"elementor-element elementor-element-d43361f elementor-widget elementor-widget-video\" data-id=\"d43361f\" data-element_type=\"widget\" data-e-type=\"widget\" data-settings=\"{&quot;video_type&quot;:&quot;hosted&quot;,&quot;autoplay&quot;:&quot;yes&quot;,&quot;play_on_mobile&quot;:&quot;yes&quot;,&quot;controls&quot;:&quot;yes&quot;}\" data-widget_type=\"video.default\">\n\t\t\t\t<div class=\"elementor-widget-container\">\n\t\t\t\t\t\t\t<div class=\"e-hosted-video elementor-wrapper elementor-open-inline\">\n\t\t\t\t\t<video class=\"elementor-video\" src=\"https:\/\/zicosprodrecords.com\/wp-content\/uploads\/2026\/04\/Viseo-Promo-date-de-sortie-USA-New-Effet-3840x2160-1.mp4\" autoplay=\"\" controls=\"\" playsinline=\"\" controlsList=\"nodownload\" poster=\"https:\/\/zicosprodrecords.com\/wp-content\/uploads\/2026\/04\/Banierre-Mi-pour-videos-et-autres-scaled.jpg\"><\/video>\n\t\t\t\t<\/div>\n\t\t\t\t\t\t<\/div>\n\t\t\t\t<\/div>\n\t\t\t\t<div class=\"elementor-element elementor-element-8443f29 elementor-widget elementor-widget-text-editor\" data-id=\"8443f29\" data-element_type=\"widget\" data-e-type=\"widget\" data-widget_type=\"text-editor.default\">\n\t\t\t\t<div class=\"elementor-widget-container\">\n\t\t\t\t\t\t\t\t\t<p data-path-to-node=\"4\">Oubliez le simple remix. <b data-path-to-node=\"4\" data-index-in-node=\"25\">BOTOXX<\/b> vous pr\u00e9sente une r\u00e9interpr\u00e9tation magistrale du chef-d&rsquo;\u0153uvre de <b data-path-to-node=\"4\" data-index-in-node=\"97\">Lalo Schifrin<\/b>.<\/p><p data-path-to-node=\"5\"><b data-path-to-node=\"5\" data-index-in-node=\"0\">\u00ab\u00a0Tech&rsquo;\u00c9volution\u00a0\u00bb<\/b> est un arrangement hybride audacieux o\u00f9 la puissance de l&rsquo;\u00e9lectronique rencontre la noblesse de l&rsquo;acoustique. Dans cette version, les harmonies et la m\u00e9lodie originale sont respect\u00e9es \u00e0 la lettre, tout en \u00e9tant port\u00e9es par une production moderne :<\/p><ul><li><p data-path-to-node=\"6,0,0\"><span style=\"color: #ffffff;\">\ud83c\udfbb <b data-path-to-node=\"6,0,0\" data-index-in-node=\"3\">L&rsquo;organique :<\/b> Le souffle des violons et la force des percussions r\u00e9elles pour une texture cin\u00e9matographique.<\/span><\/p><\/li><li><p data-path-to-node=\"6,1,0\"><span style=\"color: #ffffff;\">\u26a1 <b data-path-to-node=\"6,1,0\" data-index-in-node=\"2\">Le num\u00e9rique :<\/b> Des sonorit\u00e9s synth\u00e9tiques futuristes pour une immersion technologique.<\/span><\/p><\/li><\/ul>\t\t\t\t\t\t\t\t<\/div>\n\t\t\t\t<\/div>\n\t\t\t\t<\/div>\n\t\t\t\t\t<\/div>\n\t\t\t\t<\/div>\n\t\t<div class=\"elementor-element elementor-element-5e1f1ff e-flex e-con-boxed wpr-particle-no wpr-jarallax-no wpr-parallax-no wpr-equal-height-no e-con e-parent\" data-id=\"5e1f1ff\" data-element_type=\"container\" data-e-type=\"container\">\n\t\t\t\t\t<div class=\"e-con-inner\">\n\t\t\t\t<div class=\"elementor-element elementor-element-7d5bc02 e-transform elementor-widget elementor-widget-heading\" data-id=\"7d5bc02\" data-element_type=\"widget\" data-e-type=\"widget\" data-settings=\"{&quot;_transform_scale_effect_tablet&quot;:{&quot;unit&quot;:&quot;px&quot;,&quot;size&quot;:0.9,&quot;sizes&quot;:[]},&quot;_transform_scale_effect&quot;:{&quot;unit&quot;:&quot;px&quot;,&quot;size&quot;:&quot;&quot;,&quot;sizes&quot;:[]},&quot;_transform_scale_effect_mobile&quot;:{&quot;unit&quot;:&quot;px&quot;,&quot;size&quot;:&quot;&quot;,&quot;sizes&quot;:[]}}\" data-widget_type=\"heading.default\">\n\t\t\t\t<div class=\"elementor-widget-container\">\n\t\t\t\t\t<h2 class=\"elementor-heading-title elementor-size-default\">Bienvenue<br>dans notre <br>studio<\/h2>\t\t\t\t<\/div>\n\t\t\t\t<\/div>\n\t\t\t\t<div class=\"elementor-element elementor-element-ba8dd5e elementor-widget elementor-widget-heading\" data-id=\"ba8dd5e\" data-element_type=\"widget\" data-e-type=\"widget\" data-widget_type=\"heading.default\">\n\t\t\t\t<div class=\"elementor-widget-container\">\n\t\t\t\t\t<h2 class=\"elementor-heading-title elementor-size-default\">\ud83c\udfa7 ZICOS PROD RECORDS : L\u2019alliance du grain anglais et de la pr\u00e9cision num\u00e9rique.<\/h2>\t\t\t\t<\/div>\n\t\t\t\t<\/div>\n\t\t\t\t<div class=\"elementor-element elementor-element-0a6033d elementor-widget elementor-widget-text-editor\" data-id=\"0a6033d\" data-element_type=\"widget\" data-e-type=\"widget\" data-widget_type=\"text-editor.default\">\n\t\t\t\t<div class=\"elementor-widget-container\">\n\t\t\t\t\t\t\t\t\t<p>Au c\u0153ur de notre setup, une console <strong>Soundcraft\u00a9<\/strong> apporte cette chaleur britannique l\u00e9gendaire. Coupl\u00e9e \u00e0 la dynamique <strong>DBX\u00a9<\/strong>, elle nous permet de sculpter aussi bien un son rock organique qu\u2019un hit club percutant<\/p>\t\t\t\t\t\t\t\t<\/div>\n\t\t\t\t<\/div>\n\t\t\t\t<div class=\"elementor-element elementor-element-d1be07f elementor-widget elementor-widget-text-editor\" data-id=\"d1be07f\" data-element_type=\"widget\" data-e-type=\"widget\" data-widget_type=\"text-editor.default\">\n\t\t\t\t<div class=\"elementor-widget-container\">\n\t\t\t\t\t\t\t\t\t<p style=\"text-align: center;\">\u2705 Station de travail CUBASE Pro &amp; Plugins High-End <br \/>\u2705 Cabine de prise acoustique : Voix, Batterie &amp; Percussions <br \/>\u2705 Accueil musiciens : Guitaristes, Bassistes, Claviers<\/p>\t\t\t\t\t\t\t\t<\/div>\n\t\t\t\t<\/div>\n\t\t\t\t<div class=\"elementor-element elementor-element-79e6654 elementor-hidden-tablet elementor-hidden-mobile elementor-widget elementor-widget-video\" data-id=\"79e6654\" data-element_type=\"widget\" data-e-type=\"widget\" data-settings=\"{&quot;video_type&quot;:&quot;hosted&quot;,&quot;controls&quot;:&quot;yes&quot;}\" data-widget_type=\"video.default\">\n\t\t\t\t<div class=\"elementor-widget-container\">\n\t\t\t\t\t\t\t<div class=\"e-hosted-video elementor-wrapper elementor-open-inline\">\n\t\t\t\t\t<video class=\"elementor-video\" src=\"https:\/\/zicosprodrecords.com\/wp-content\/uploads\/2026\/04\/Jingle-ZPR-anglais-Logo-voix-OFF-16-9_0-1920x1080-1.mp4\" controls=\"\" preload=\"metadata\" controlsList=\"nodownload\" poster=\"https:\/\/zicosprodrecords.com\/wp-content\/uploads\/2026\/02\/base_logo_transparent_background.png\"><\/video>\n\t\t\t\t<\/div>\n\t\t\t\t\t\t<\/div>\n\t\t\t\t<\/div>\n\t\t\t\t<div class=\"elementor-element elementor-element-b993d0f elementor-hidden-desktop elementor-widget elementor-widget-video\" data-id=\"b993d0f\" data-element_type=\"widget\" data-e-type=\"widget\" data-settings=\"{&quot;video_type&quot;:&quot;hosted&quot;,&quot;controls&quot;:&quot;yes&quot;}\" data-widget_type=\"video.default\">\n\t\t\t\t<div class=\"elementor-widget-container\">\n\t\t\t\t\t\t\t<div class=\"e-hosted-video elementor-wrapper elementor-open-inline\">\n\t\t\t\t\t<video class=\"elementor-video\" src=\"https:\/\/zicosprodrecords.com\/wp-content\/uploads\/2026\/04\/Jingle-ZPR-anglais-Logo-voix-OFF-9-16-1152x2048-1.mp4\" controls=\"\" preload=\"metadata\" controlsList=\"nodownload\"><\/video>\n\t\t\t\t<\/div>\n\t\t\t\t\t\t<\/div>\n\t\t\t\t<\/div>\n\t\t\t\t\t<\/div>\n\t\t\t\t<\/div>\n\t\t\t\t<section class=\"elementor-section elementor-top-section elementor-element elementor-element-0dd405a elementor-section-content-middle elementor-section-boxed elementor-section-height-default elementor-section-height-default wpr-particle-no wpr-jarallax-no wpr-parallax-no wpr-equal-height-no\" data-id=\"0dd405a\" data-element_type=\"section\" data-e-type=\"section\">\n\t\t\t\t\t\t<div class=\"elementor-container elementor-column-gap-extended\">\n\t\t\t\t\t<div class=\"elementor-column elementor-col-33 elementor-top-column elementor-element elementor-element-7ca816b\" data-id=\"7ca816b\" data-element_type=\"column\" data-e-type=\"column\">\n\t\t\t<div class=\"elementor-widget-wrap elementor-element-populated\">\n\t\t\t\t\t\t<div class=\"elementor-element elementor-element-69b44e6 e-transform elementor-widget elementor-widget-promobox\" data-id=\"69b44e6\" data-element_type=\"widget\" data-e-type=\"widget\" data-settings=\"{&quot;_transform_scale_effect&quot;:{&quot;unit&quot;:&quot;px&quot;,&quot;size&quot;:&quot;&quot;,&quot;sizes&quot;:[]},&quot;_transform_scale_effect_tablet&quot;:{&quot;unit&quot;:&quot;px&quot;,&quot;size&quot;:&quot;&quot;,&quot;sizes&quot;:[]},&quot;_transform_scale_effect_mobile&quot;:{&quot;unit&quot;:&quot;px&quot;,&quot;size&quot;:&quot;&quot;,&quot;sizes&quot;:[]}}\" data-widget_type=\"promobox.default\">\n\t\t\t\t<div class=\"elementor-widget-container\">\n\t\t\t\t\t\t<a href=\"https:\/\/zicosprodrecords.com\/enregistrer-votre-reprise-de-chanson-en-studio-professionnel\/\" class=\"promobox animation-zoom \" target=\"_blank\">\r\n\t\t<div class=\"promo-overlay\" style=\"background:rgba(0,0,0,0.3)\"><\/div>\r\n\t\t<img decoding=\"async\" src=\"https:\/\/zicosprodrecords.com\/wp-content\/uploads\/2023\/12\/askeuozqhyu-e1703206668474-559x543.jpg\" class=\"promopic\" alt=\"h5\">\r\n\t\t<div class=\"promocontent center\">\r\n\t\t\t<div class=\"promotext\"><h5 style=\"color:#b9b9b9;\">Enregistrez<br>votre voix<\/h5><\/div>\r\n\t\t\t<div class=\"promosubtext\"><h3 style=\"color:#ffffff;\">Forfaits 99 \u20ac ou 169 \u20ac<\/h3><\/div>\r\n\t\t<\/div>\r\n\t<\/a>\t\t\t\t<\/div>\n\t\t\t\t<\/div>\n\t\t\t\t\t<\/div>\n\t\t<\/div>\n\t\t\t\t<div class=\"elementor-column elementor-col-33 elementor-top-column elementor-element elementor-element-cfc5184\" data-id=\"cfc5184\" data-element_type=\"column\" data-e-type=\"column\">\n\t\t\t<div class=\"elementor-widget-wrap elementor-element-populated\">\n\t\t\t\t\t\t<div class=\"elementor-element elementor-element-06bf67c elementor-widget elementor-widget-promobox\" data-id=\"06bf67c\" data-element_type=\"widget\" data-e-type=\"widget\" data-widget_type=\"promobox.default\">\n\t\t\t\t<div class=\"elementor-widget-container\">\n\t\t\t\t\t\t<a href=\"https:\/\/zicosprodrecords.com\/enregistrement-studio-prise-de-son-voix-et-instrument\/\" class=\"promobox animation-zoom \" target=\"_blank\">\r\n\t\t<div class=\"promo-overlay\" style=\"background:rgba(0,0,0,0.3)\"><\/div>\r\n\t\t<img decoding=\"async\" src=\"https:\/\/zicosprodrecords.com\/wp-content\/uploads\/2018\/12\/promo_02.jpg\" class=\"promopic\" alt=\"h5\">\r\n\t\t<div class=\"promocontent center\">\r\n\t\t\t<div class=\"promotext\"><h5 style=\"color:#b9b9b9;\">Vous avez<br>un Projets<br>Professionnel<\/h5><\/div>\r\n\t\t\t<div class=\"promosubtext\"><h4 style=\"color:#ffffff;\"><\/h4><\/div>\r\n\t\t<\/div>\r\n\t<\/a>\t\t\t\t<\/div>\n\t\t\t\t<\/div>\n\t\t\t\t\t<\/div>\n\t\t<\/div>\n\t\t\t\t<div class=\"elementor-column elementor-col-33 elementor-top-column elementor-element elementor-element-8e04249\" data-id=\"8e04249\" data-element_type=\"column\" data-e-type=\"column\">\n\t\t\t<div class=\"elementor-widget-wrap elementor-element-populated\">\n\t\t\t\t\t\t<div class=\"elementor-element elementor-element-46d57bc elementor-widget elementor-widget-promobox\" data-id=\"46d57bc\" data-element_type=\"widget\" data-e-type=\"widget\" data-widget_type=\"promobox.default\">\n\t\t\t\t<div class=\"elementor-widget-container\">\n\t\t\t\t\t\t<a href=\"http:\/\/zicosprodrecords.com\/nos-artistes\/\" class=\"promobox animation-zoom \" target=\"_blank\">\r\n\t\t<div class=\"promo-overlay\" style=\"background:rgba(0,0,0,0.3)\"><\/div>\r\n\t\t<img decoding=\"async\" src=\"https:\/\/zicosprodrecords.com\/wp-content\/uploads\/2017\/04\/Herbalizer_square.jpg\" class=\"promopic\" alt=\"h5\">\r\n\t\t<div class=\"promocontent center\">\r\n\t\t\t<div class=\"promotext\"><h5 style=\"color:#b9b9b9;\">NOS<br>ARTISTES<\/h5><\/div>\r\n\t\t\t<div class=\"promosubtext\"><h4 style=\"color:#ffffff;\"><\/h4><\/div>\r\n\t\t<\/div>\r\n\t<\/a>\t\t\t\t<\/div>\n\t\t\t\t<\/div>\n\t\t\t\t\t<\/div>\n\t\t<\/div>\n\t\t\t\t\t<\/div>\n\t\t<\/section>\n\t\t\t\t<section class=\"elementor-section elementor-top-section elementor-element elementor-element-8192d71 elementor-section-boxed elementor-section-height-default elementor-section-height-default wpr-particle-no wpr-jarallax-no wpr-parallax-no wpr-equal-height-no\" data-id=\"8192d71\" data-element_type=\"section\" data-e-type=\"section\">\n\t\t\t\t\t\t<div class=\"elementor-container elementor-column-gap-extended\">\n\t\t\t\t\t<div class=\"elementor-column elementor-col-33 elementor-top-column elementor-element elementor-element-ab76fdf\" data-id=\"ab76fdf\" data-element_type=\"column\" data-e-type=\"column\">\n\t\t\t<div class=\"elementor-widget-wrap elementor-element-populated\">\n\t\t\t\t\t\t<div class=\"elementor-element elementor-element-d4c59f8 elementor-widget elementor-widget-heading\" data-id=\"d4c59f8\" data-element_type=\"widget\" data-e-type=\"widget\" data-widget_type=\"heading.default\">\n\t\t\t\t<div class=\"elementor-widget-container\">\n\t\t\t\t\t<h2 class=\"elementor-heading-title elementor-size-default\">Derni\u00e8res<br> Sorties\n<\/h2>\t\t\t\t<\/div>\n\t\t\t\t<\/div>\n\t\t\t\t\t<\/div>\n\t\t<\/div>\n\t\t\t\t<div class=\"elementor-column elementor-col-66 elementor-top-column elementor-element elementor-element-3b5ce61\" data-id=\"3b5ce61\" data-element_type=\"column\" data-e-type=\"column\">\n\t\t\t<div class=\"elementor-widget-wrap elementor-element-populated\">\n\t\t\t\t\t\t<div class=\"elementor-element elementor-element-706a580 elementor-widget elementor-widget-text-editor\" data-id=\"706a580\" data-element_type=\"widget\" data-e-type=\"widget\" data-widget_type=\"text-editor.default\">\n\t\t\t\t<div class=\"elementor-widget-container\">\n\t\t\t\t\t\t\t\t\t<p>Voici quelques enregistrements sur lesquels nous avons travaill\u00e9. N&rsquo;h\u00e9sitez pas \u00e0 nous contacter si vous avez des questions.<\/p>\t\t\t\t\t\t\t\t<\/div>\n\t\t\t\t<\/div>\n\t\t\t\t<div class=\"elementor-element elementor-element-ab0b597 elementor-widget__width-inherit elementor-widget elementor-widget-sr-essgrid\" data-id=\"ab0b597\" data-element_type=\"widget\" data-e-type=\"widget\" data-widget_type=\"sr-essgrid.default\">\n\t\t\t\t<div class=\"elementor-widget-container\">\n\t\t\t\t\t\t\t<div class=\"elementor-shortcode\"><\/div>\r\n\t\t\t\t\t\t<\/div>\n\t\t\t\t<\/div>\n\t\t\t\t\t<\/div>\n\t\t<\/div>\n\t\t\t\t\t<\/div>\n\t\t<\/section>\n\t\t\t\t<\/div>\n\t\t<div style=\"margin: 20px 0;\"><div class=\"qrcswholewtapper\" style=\"text-align:left;\"><div class=\"qrcprowrapper\"  id=\"qrcwraa2leds\"><div class=\"qrc_canvass\" id=\"qrc_cuttenpages_2\" style=\"display:inline-block\" data-text=\"https:\/\/zicosprodrecords.com\/en\/\"><\/div><div><a download=\"Home.png\" class=\"qrcdownloads\" id=\"worign\">\r\n           <button type=\"button\" style=\"min-width:100px;background:#c8fd8c;color:;font-weight: 600;border: 1px solid #dddddd;border-radius:4px;font-size:12px;padding: 6px 0;\" class=\"uqr_code_btn\">Download QR<\/button>\r\n           <\/a><\/div><\/div><\/div><\/div>","protected":false},"excerpt":{"rendered":"<p>NOUVEAU Sortie mondiale officielle : 25 Avril 2026 &#8211; 18h00 \ud83d\udcc5 Official global release: April 25, 2026 &#8211; 06:00 PM<\/p>","protected":false},"author":1,"featured_media":0,"parent":0,"menu_order":1,"comment_status":"closed","ping_status":"closed","template":"elementor_theme","meta":{"_price":"","_stock":"","_tribe_ticket_header":"","_tribe_default_ticket_provider":"","_tribe_ticket_capacity":"0","_ticket_start_date":"","_ticket_end_date":"","_tribe_ticket_show_description":"","_tribe_ticket_show_not_going":false,"_tribe_ticket_use_global_stock":"","_tribe_ticket_global_stock_level":"","_global_stock_mode":"","_global_stock_cap":"","_tribe_rsvp_for_event":"","_tribe_ticket_going_count":"","_tribe_ticket_not_going_count":"","_tribe_tickets_list":"[]","_tribe_ticket_has_attendee_info_fields":false,"footnotes":"","_tec_slr_enabled":"","_tec_slr_layout":""},"class_list":["post-3050","page","type-page","status-publish","hentry"],"yoast_head":"<!-- This site is optimized with the Yoast SEO plugin v27.4 - https:\/\/yoast.com\/product\/yoast-seo-wordpress\/ -->\n<title>Home - Zicos Prod Records<\/title>\n<meta name=\"robots\" content=\"index, follow, max-snippet:-1, max-image-preview:large, max-video-preview:-1\" \/>\n<link rel=\"canonical\" href=\"https:\/\/zicosprodrecords.com\/en\/\" \/>\n<meta property=\"og:locale\" content=\"en_US\" \/>\n<meta property=\"og:type\" content=\"article\" \/>\n<meta property=\"og:title\" content=\"Home - Zicos Prod Records\" \/>\n<meta property=\"og:description\" content=\"NOUVEAU Sortie mondiale officielle : 25 Avril 2026 &#8211; 18h00 \ud83d\udcc5 Official global release: April 25, 2026 &#8211; 06:00 PM\" \/>\n<meta property=\"og:url\" content=\"https:\/\/zicosprodrecords.com\/en\/\" \/>\n<meta property=\"og:site_name\" content=\"Zicos Prod Records\" \/>\n<meta property=\"article:modified_time\" content=\"2026-04-13T23:22:27+00:00\" \/>\n<meta name=\"twitter:card\" content=\"summary_large_image\" \/>\n<meta name=\"twitter:label1\" content=\"Est. reading time\" \/>\n\t<meta name=\"twitter:data1\" content=\"2 minutes\" \/>\n<script type=\"application\/ld+json\" class=\"yoast-schema-graph\">{\"@context\":\"https:\\\/\\\/schema.org\",\"@graph\":[{\"@type\":\"WebPage\",\"@id\":\"https:\\\/\\\/zicosprodrecords.com\\\/\",\"url\":\"https:\\\/\\\/zicosprodrecords.com\\\/\",\"name\":\"Home - Zicos Prod Records\",\"isPartOf\":{\"@id\":\"https:\\\/\\\/zicosprodrecords.com\\\/#website\"},\"datePublished\":\"2016-11-08T21:23:14+00:00\",\"dateModified\":\"2026-04-13T23:22:27+00:00\",\"breadcrumb\":{\"@id\":\"https:\\\/\\\/zicosprodrecords.com\\\/#breadcrumb\"},\"inLanguage\":\"en-US\",\"potentialAction\":[{\"@type\":\"ReadAction\",\"target\":[\"https:\\\/\\\/zicosprodrecords.com\\\/\"]}]},{\"@type\":\"BreadcrumbList\",\"@id\":\"https:\\\/\\\/zicosprodrecords.com\\\/#breadcrumb\",\"itemListElement\":[{\"@type\":\"ListItem\",\"position\":1,\"name\":\"Accueil\",\"item\":\"https:\\\/\\\/zicosprodrecords.com\\\/\"},{\"@type\":\"ListItem\",\"position\":2,\"name\":\"Home\"}]},{\"@type\":\"WebSite\",\"@id\":\"https:\\\/\\\/zicosprodrecords.com\\\/#website\",\"url\":\"https:\\\/\\\/zicosprodrecords.com\\\/\",\"name\":\"Zicos Prod Records\",\"description\":\"La musique est notre philosophie\",\"publisher\":{\"@id\":\"https:\\\/\\\/zicosprodrecords.com\\\/#organization\"},\"potentialAction\":[{\"@type\":\"SearchAction\",\"target\":{\"@type\":\"EntryPoint\",\"urlTemplate\":\"https:\\\/\\\/zicosprodrecords.com\\\/?s={search_term_string}\"},\"query-input\":{\"@type\":\"PropertyValueSpecification\",\"valueRequired\":true,\"valueName\":\"search_term_string\"}}],\"inLanguage\":\"en-US\"},{\"@type\":\"Organization\",\"@id\":\"https:\\\/\\\/zicosprodrecords.com\\\/#organization\",\"name\":\"Zicos Prod Records\",\"url\":\"https:\\\/\\\/zicosprodrecords.com\\\/\",\"logo\":{\"@type\":\"ImageObject\",\"inLanguage\":\"en-US\",\"@id\":\"https:\\\/\\\/zicosprodrecords.com\\\/#\\\/schema\\\/logo\\\/image\\\/\",\"url\":\"https:\\\/\\\/zicosprodrecords.com\\\/wp-content\\\/uploads\\\/2026\\\/02\\\/logo_basic-2.png\",\"contentUrl\":\"https:\\\/\\\/zicosprodrecords.com\\\/wp-content\\\/uploads\\\/2026\\\/02\\\/logo_basic-2.png\",\"width\":3125,\"height\":1875,\"caption\":\"Zicos Prod Records\"},\"image\":{\"@id\":\"https:\\\/\\\/zicosprodrecords.com\\\/#\\\/schema\\\/logo\\\/image\\\/\"}}]}<\/script>\n<!-- \/ Yoast SEO plugin. -->","yoast_head_json":{"title":"Home - Zicos Prod Records","robots":{"index":"index","follow":"follow","max-snippet":"max-snippet:-1","max-image-preview":"max-image-preview:large","max-video-preview":"max-video-preview:-1"},"canonical":"https:\/\/zicosprodrecords.com\/en\/","og_locale":"en_US","og_type":"article","og_title":"Home - Zicos Prod Records","og_description":"NOUVEAU Sortie mondiale officielle : 25 Avril 2026 &#8211; 18h00 \ud83d\udcc5 Official global release: April 25, 2026 &#8211; 06:00 PM","og_url":"https:\/\/zicosprodrecords.com\/en\/","og_site_name":"Zicos Prod Records","article_modified_time":"2026-04-13T23:22:27+00:00","twitter_card":"summary_large_image","twitter_misc":{"Est. reading time":"2 minutes"},"schema":{"@context":"https:\/\/schema.org","@graph":[{"@type":"WebPage","@id":"https:\/\/zicosprodrecords.com\/","url":"https:\/\/zicosprodrecords.com\/","name":"Home - Zicos Prod Records","isPartOf":{"@id":"https:\/\/zicosprodrecords.com\/#website"},"datePublished":"2016-11-08T21:23:14+00:00","dateModified":"2026-04-13T23:22:27+00:00","breadcrumb":{"@id":"https:\/\/zicosprodrecords.com\/#breadcrumb"},"inLanguage":"en-US","potentialAction":[{"@type":"ReadAction","target":["https:\/\/zicosprodrecords.com\/"]}]},{"@type":"BreadcrumbList","@id":"https:\/\/zicosprodrecords.com\/#breadcrumb","itemListElement":[{"@type":"ListItem","position":1,"name":"Accueil","item":"https:\/\/zicosprodrecords.com\/"},{"@type":"ListItem","position":2,"name":"Home"}]},{"@type":"WebSite","@id":"https:\/\/zicosprodrecords.com\/#website","url":"https:\/\/zicosprodrecords.com\/","name":"Zicos Prod Records","description":"La musique est notre philosophie","publisher":{"@id":"https:\/\/zicosprodrecords.com\/#organization"},"potentialAction":[{"@type":"SearchAction","target":{"@type":"EntryPoint","urlTemplate":"https:\/\/zicosprodrecords.com\/?s={search_term_string}"},"query-input":{"@type":"PropertyValueSpecification","valueRequired":true,"valueName":"search_term_string"}}],"inLanguage":"en-US"},{"@type":"Organization","@id":"https:\/\/zicosprodrecords.com\/#organization","name":"Zicos Prod Records","url":"https:\/\/zicosprodrecords.com\/","logo":{"@type":"ImageObject","inLanguage":"en-US","@id":"https:\/\/zicosprodrecords.com\/#\/schema\/logo\/image\/","url":"https:\/\/zicosprodrecords.com\/wp-content\/uploads\/2026\/02\/logo_basic-2.png","contentUrl":"https:\/\/zicosprodrecords.com\/wp-content\/uploads\/2026\/02\/logo_basic-2.png","width":3125,"height":1875,"caption":"Zicos Prod Records"},"image":{"@id":"https:\/\/zicosprodrecords.com\/#\/schema\/logo\/image\/"}}]}},"_hostinger_reach_plugin_has_subscription_block":false,"_hostinger_reach_plugin_is_elementor":false,"acf":[],"ticketed":false,"_links":{"self":[{"href":"https:\/\/zicosprodrecords.com\/en\/wp-json\/wp\/v2\/pages\/3050","targetHints":{"allow":["GET"]}}],"collection":[{"href":"https:\/\/zicosprodrecords.com\/en\/wp-json\/wp\/v2\/pages"}],"about":[{"href":"https:\/\/zicosprodrecords.com\/en\/wp-json\/wp\/v2\/types\/page"}],"author":[{"embeddable":true,"href":"https:\/\/zicosprodrecords.com\/en\/wp-json\/wp\/v2\/users\/1"}],"replies":[{"embeddable":true,"href":"https:\/\/zicosprodrecords.com\/en\/wp-json\/wp\/v2\/comments?post=3050"}],"version-history":[{"count":39,"href":"https:\/\/zicosprodrecords.com\/en\/wp-json\/wp\/v2\/pages\/3050\/revisions"}],"predecessor-version":[{"id":16341,"href":"https:\/\/zicosprodrecords.com\/en\/wp-json\/wp\/v2\/pages\/3050\/revisions\/16341"}],"wp:attachment":[{"href":"https:\/\/zicosprodrecords.com\/en\/wp-json\/wp\/v2\/media?parent=3050"}],"curies":[{"name":"wp","href":"https:\/\/api.w.org\/{rel}","templated":true}]}}